{"id":284049,"date":"2026-02-13T17:50:41","date_gmt":"2026-02-13T16:50:41","guid":{"rendered":"https:\/\/photomuseum.gdstest.de\/?page_id=284049"},"modified":"2026-04-07T15:20:39","modified_gmt":"2026-04-07T13:20:39","slug":"aktuell","status":"publish","type":"page","link":"https:\/\/www.photomuseum.de\/index.php\/veranstaltungen\/aktuell\/","title":{"rendered":"Aktuell"},"content":{"rendered":"<p>[et_pb_section fb_built=&#8220;1&#8243; admin_label=&#8220;Sektion&#8220; _builder_version=&#8220;4.25.0&#8243; _module_preset=&#8220;default&#8220; collapsed=&#8220;off&#8220; global_colors_info=&#8220;{}&#8220;][et_pb_row admin_label=&#8220;\u00dcberschrift: Veranstaltungen&#8220; _builder_version=&#8220;4.25.0&#8243; _module_preset=&#8220;default&#8220; custom_margin=&#8220;||0px||false|false&#8220; custom_padding=&#8220;||||false|false&#8220; collapsed=&#8220;on&#8220; global_colors_info=&#8220;{}&#8220;][et_pb_column type=&#8220;4_4&#8243; _builder_version=&#8220;4.25.0&#8243; _module_preset=&#8220;default&#8220; global_colors_info=&#8220;{}&#8220;][et_pb_text admin_label=&#8220;Titel&#8220; _builder_version=&#8220;4.27.6&#8243; _module_preset=&#8220;default&#8220; header_font=&#8220;NHaasGrotest|600|||||||&#8220; header_font_size=&#8220;32px&#8220; header_line_height=&#8220;1.4em&#8220; custom_margin=&#8220;||0px||false|false&#8220; custom_padding=&#8220;||0px||false|false&#8220; global_colors_info=&#8220;{}&#8220;]<\/p>\n<h1>Veranstaltungen<\/h1>\n<p>[\/et_pb_text][et_pb_divider _builder_version=&#8220;4.25.0&#8243; _module_preset=&#8220;default&#8220; global_colors_info=&#8220;{}&#8220;][\/et_pb_divider][\/et_pb_column][\/et_pb_row][et_pb_row column_structure=&#8220;2_5,3_5&#8243; use_custom_gutter=&#8220;on&#8220; make_equal=&#8220;on&#8220; admin_label=&#8220;\u00d6ffentliche F\u00fchrungen&#8220; _builder_version=&#8220;4.27.5&#8243; _module_preset=&#8220;default&#8220; custom_margin=&#8220;0px||||false|false&#8220; custom_padding=&#8220;0px||||false|false&#8220; collapsed=&#8220;on&#8220; global_colors_info=&#8220;{}&#8220;][et_pb_column type=&#8220;2_5&#8243; _builder_version=&#8220;4.25.0&#8243; _module_preset=&#8220;default&#8220; global_colors_info=&#8220;{}&#8220;][et_pb_image src=&#8220;https:\/\/www.photomuseum.de\/wp-content\/uploads\/2026\/02\/halle267_Angelika-Platen-Sigmar-Polke-und-Angelika-Platen-Willich-1973-Elina-Brotherus-und-Angelika-Platen-Berlin-2025-\u00a9-Angelika-Platen-scaled-1.jpg&#8220; alt=&#8220;Angelika Platen, Sigmar Polke und Angelika Platen, Willich 1973 \/ Elina Brotherus und Angelika Platen, Berlin 2025 \u00a9 Angelika Platen&#8220; title_text=&#8220;Angelika Platen, Sigmar Polke und Angelika Platen, Willich 1973 \/ Elina Brotherus und Angelika Platen, Berlin 2025 \u00a9 Angelika Platen&#8220; _builder_version=&#8220;4.27.6&#8243; _module_preset=&#8220;default&#8220; global_colors_info=&#8220;{}&#8220;][\/et_pb_image][et_pb_text admin_label=&#8220;Bildunterschrift&#8220; _builder_version=&#8220;4.27.6&#8243; _module_preset=&#8220;default&#8220; text_font_size=&#8220;14px&#8220; text_line_height=&#8220;1.4em&#8220; global_colors_info=&#8220;{}&#8220;]<\/p>\n<p><em>Angelika Platen, Sigmar Polke und Angelika Platen, Zwei im Spiegel, Willich 1973 \/ Elina Brotherus und Angelika Platen, Zwei im Spiegel, Berlin 2025 \u00a9 Angelika Platen<\/em><\/p>\n<p>[\/et_pb_text][\/et_pb_column][et_pb_column type=&#8220;3_5&#8243; _builder_version=&#8220;4.25.0&#8243; _module_preset=&#8220;default&#8220; global_colors_info=&#8220;{}&#8220;][et_pb_text admin_label=&#8220;\u00d6fffentliche F\u00fchrungen&#8220; _builder_version=&#8220;4.27.6&#8243; _module_preset=&#8220;default&#8220; text_text_color=&#8220;#000000&#8243; header_3_font=&#8220;|600|||||||&#8220; header_3_font_size=&#8220;24px&#8220; header_3_line_height=&#8220;1.7em&#8220; global_colors_info=&#8220;{}&#8220;]<\/p>\n<h3>\u00d6ffentliche F\u00fchrungen<\/h3>\n<p>sonntags | 16 Uhr<\/p>\n<p>Sonntags finden \u00f6ffentliche F\u00fchrungen durch die aktuelle Ausstellung statt. Die F\u00fchrungen sind im Eintrittspreis enthalten. Eine Anmeldung ist nicht erforderlich.<\/p>\n<p>[\/et_pb_text][\/et_pb_column][\/et_pb_row][et_pb_row admin_label=&#8220;Teiler&#8220; _builder_version=&#8220;4.27.5&#8243; _module_preset=&#8220;default&#8220; custom_margin=&#8220;5px||5px||false|false&#8220; custom_padding=&#8220;0px||0px||false|false&#8220; collapsed=&#8220;on&#8220; global_colors_info=&#8220;{}&#8220;][et_pb_column type=&#8220;4_4&#8243; _builder_version=&#8220;4.27.5&#8243; _module_preset=&#8220;default&#8220; global_colors_info=&#8220;{}&#8220;][et_pb_divider _builder_version=&#8220;4.27.5&#8243; _module_preset=&#8220;default&#8220; custom_margin=&#8220;0px||0px||false|false&#8220; custom_padding=&#8220;0px||0px||false|false&#8220; global_colors_info=&#8220;{}&#8220;][\/et_pb_divider][\/et_pb_column][\/et_pb_row][et_pb_row column_structure=&#8220;2_5,3_5&#8243; use_custom_gutter=&#8220;on&#8220; make_equal=&#8220;on&#8220; admin_label=&#8220;Alvar Aalto revisted&#8220; _builder_version=&#8220;4.27.6&#8243; _module_preset=&#8220;default&#8220; custom_margin=&#8220;0px||||false|false&#8220; custom_padding=&#8220;0px||||false|false&#8220; collapsed=&#8220;on&#8220; global_colors_info=&#8220;{}&#8220;][et_pb_column type=&#8220;2_5&#8243; _builder_version=&#8220;4.25.0&#8243; _module_preset=&#8220;default&#8220; global_colors_info=&#8220;{}&#8220;][et_pb_image src=&#8220;https:\/\/www.photomuseum.de\/wp-content\/uploads\/2026\/03\/Alvar-Aalto-Kulturhaus-Wolfsburg_2.jpg&#8220; alt=&#8220;Schulworkshop zur Ausstellung Jitka Hanzlova\u0301, Foto-Workshop f\u00fcr Kids&#8220; title_text=&#8220;Alvar Aalto Kulturhaus Wolfsburg_2&#8243; show_in_lightbox=&#8220;on&#8220; _builder_version=&#8220;4.27.6&#8243; _module_preset=&#8220;default&#8220; custom_margin=&#8220;||10px||false|false&#8220; custom_padding=&#8220;||||false|false&#8220; border_radii=&#8220;on|3px|3px|3px|3px&#8220; global_colors_info=&#8220;{}&#8220;][\/et_pb_image][et_pb_text admin_label=&#8220;Bildunterschrift&#8220; _builder_version=&#8220;4.27.6&#8243; _module_preset=&#8220;default&#8220; text_font_size=&#8220;14px&#8220; text_line_height=&#8220;1.4em&#8220; global_colors_info=&#8220;{}&#8220;]<\/p>\n<p><em>\u200bElina Brotherus, Alvar Aalto Kulturhaus, Wolfsburg #2, 2026, Sonderedition Museum f\u00fcr Photographie Braunschweig \u00a9 Elina Brotherus und VG Bild-Kunst, Bonn 2026<\/em><\/p>\n<p>[\/et_pb_text][\/et_pb_column][et_pb_column type=&#8220;3_5&#8243; _builder_version=&#8220;4.25.0&#8243; _module_preset=&#8220;default&#8220; global_colors_info=&#8220;{}&#8220;][et_pb_text admin_label=&#8220;Text&#8220; _builder_version=&#8220;4.27.6&#8243; _module_preset=&#8220;default&#8220; text_text_color=&#8220;#000000&#8243; header_3_font=&#8220;|600|||||||&#8220; header_3_font_size=&#8220;24px&#8220; header_3_line_height=&#8220;1.7em&#8220; global_colors_info=&#8220;{}&#8220;]<\/p>\n<h3><strong>&#8222;Alvar Aalto revisited&#8220;<\/strong><\/h3>\n<p>Samstag, 11.04.2026 | 15 Uhr<br \/>Ort: Museum f\u00fcr Photographie Brausnchweig<\/p>\n<p>mit Elina Brotherus, Bettina Maria Brosowsky, Architektin und Kulturjournalistin, und Barbara Hofmann-Johnson, Leiterin, Museum f\u00fcr Photographie Braunschweig<\/p>\n<p><strong>Artist Talk<\/strong><\/p>\n<p>Der finnische Architekt Alvar Aalto (1889\u20131976) gilt als der \u00dcbervater einer nordischen Baukultur. Elina Brotherus hat sich mehrfach mit Bauten Aaltos in Finnland, Frankreich, Estland und zuletzt in Wolfsburg befasst. Der traditionell menschenleeren Architekturfotografie schreibt sie durch ihre k\u00f6rperliche Pr\u00e4senz Spuren menschlichen Daseins ein. Was reizt die Fotografin an der Architektur Aaltos? Dieser Frage widmet sich Architektin und Kulturjournalistin Bettina Maria Brosowsky im Gespr\u00e4ch mit der K\u00fcnstlerin.<\/p>\n<p><strong>Buchpr\u00e4sentation<\/strong><\/p>\n<p>Im Rahmen der Veranstaltung &#8222;Alvar Aalto revisited&#8220; wird in einer Vorpr\u00e4sentation die neue Publikation\u00a0<a href=\"https:\/\/photomuseum.us17.list-manage.com\/track\/click?u=982ac901d69803c55a2641968&amp;id=f5960b4131&amp;e=22963811a0\">Aalto and Nature<\/a>\u00a0(Birkh\u00e4user Verlag, Mai 2026)\u00a0vorgestellt.<\/p>\n<p>Die englischsprachige Publikation, herausgegeben von Tom Simons und Rainer Knapas, geht der Rolle der Natur in Alvar Aaltos Werk nach. Vier Fotoessays von Elina Brotherus thematisieren innerhalb der Neuerscheinung diesen vielf\u00e4ltigen Naturbezug in der f\u00fcr die K\u00fcnstlerin typischen individuellen Inszenierungspraxis.<\/p>\n<p>Es besteht die M\u00f6glichkeit, die Publikation zu erwerben und von Elina Brotherus signieren zu lassen. (Preis 48.- Euro)<\/p>\n<p><strong>Vorstellung der Sondereditionen<\/strong><\/p>\n<p>Dar\u00fcber hinaus stellen wir neue Editionen von Elina Brotherus, die anl\u00e4sslich der aktuellen Ausstellung <em>Elina Brotherus \/ Angelika Platen. Doppelleben\u00a0<\/em>erschienen sind und die das Alvar Aalto Kulturhaus in Wolfsburg zum Gegenstand haben, vor. (Preis je 650.- \/ Rabatt f\u00fcr Mitglieder 10%, <a href=\"https:\/\/photomuseum.us17.list-manage.com\/track\/click?u=982ac901d69803c55a2641968&amp;id=566681c969&amp;e=22963811a0\">weitere Informationen<\/a>)<\/p>\n<p><u>Save the date:<\/u> Am 25. April wird Bettina Maria Brosowsky, Vorsitzende des Alvar Aalto Zentrums, im Nachgang der Ausstellung durch das Alvar Aalto Kulturhaus f\u00fchren.<\/p>\n<p>[\/et_pb_text][\/et_pb_column][\/et_pb_row][et_pb_row admin_label=&#8220;Teiler&#8220; _builder_version=&#8220;4.27.5&#8243; _module_preset=&#8220;default&#8220; custom_margin=&#8220;5px||5px||false|false&#8220; custom_padding=&#8220;0px||0px||false|false&#8220; collapsed=&#8220;on&#8220; global_colors_info=&#8220;{}&#8220;][et_pb_column type=&#8220;4_4&#8243; _builder_version=&#8220;4.27.5&#8243; _module_preset=&#8220;default&#8220; global_colors_info=&#8220;{}&#8220;][et_pb_divider _builder_version=&#8220;4.27.5&#8243; _module_preset=&#8220;default&#8220; custom_margin=&#8220;0px||0px||false|false&#8220; custom_padding=&#8220;0px||0px||false|false&#8220; global_colors_info=&#8220;{}&#8220;][\/et_pb_divider][\/et_pb_column][\/et_pb_row][et_pb_row column_structure=&#8220;2_5,3_5&#8243; use_custom_gutter=&#8220;on&#8220; make_equal=&#8220;on&#8220; admin_label=&#8220;Allg. Infos&#8220; _builder_version=&#8220;4.27.5&#8243; _module_preset=&#8220;default&#8220; custom_margin=&#8220;0px||||false|false&#8220; custom_padding=&#8220;0px||||false|false&#8220; collapsed=&#8220;on&#8220; global_colors_info=&#8220;{}&#8220;][et_pb_column type=&#8220;2_5&#8243; _builder_version=&#8220;4.25.0&#8243; _module_preset=&#8220;default&#8220; global_colors_info=&#8220;{}&#8220;][\/et_pb_column][et_pb_column type=&#8220;3_5&#8243; _builder_version=&#8220;4.25.0&#8243; _module_preset=&#8220;default&#8220; global_colors_info=&#8220;{}&#8220;][et_pb_text admin_label=&#8220;\u00d6fffentliche F\u00fchrungen&#8220; _builder_version=&#8220;4.27.6&#8243; _module_preset=&#8220;default&#8220; text_text_color=&#8220;#000000&#8243; header_3_font=&#8220;|600|||||||&#8220; header_3_font_size=&#8220;24px&#8220; header_3_line_height=&#8220;1.7em&#8220; global_colors_info=&#8220;{}&#8220;]<\/p>\n<p>&nbsp;<\/p>\n<p><strong>Interesse an einer F\u00fchrung?<\/strong><br \/>Buchungen von Sonderf\u00fchrungen sind f\u00fcr Gruppen jeder Altersklasse individuell m\u00f6glich. Das Angebot richtet sich an Schulen und andere Bildungstr\u00e4ger, an private Gruppen sowie an Firmen. W\u00fcnsche und Lehrinhalte k\u00f6nnen im Vorfeld gemeinsam besprochen werden. Anmeldung und weitere Infos: Pauline Behrmann, vermittlung [at] photomuseum.de oder Tel. 0531 75000<\/p>\n<p>[\/et_pb_text][\/et_pb_column][\/et_pb_row][et_pb_row admin_label=&#8220;Abstandhalter&#8220; _builder_version=&#8220;4.27.5&#8243; _module_preset=&#8220;default&#8220; global_colors_info=&#8220;{}&#8220;][et_pb_column type=&#8220;4_4&#8243; _builder_version=&#8220;4.27.5&#8243; _module_preset=&#8220;default&#8220; global_colors_info=&#8220;{}&#8220;][et_pb_text admin_label=&#8220;Abstand 30px&#8220; _builder_version=&#8220;4.27.5&#8243; _module_preset=&#8220;default&#8220; custom_margin=&#8220;30px||||false|false&#8220; global_colors_info=&#8220;{}&#8220;][\/et_pb_text][\/et_pb_column][\/et_pb_row][\/et_pb_section]<\/p>\n","protected":false},"excerpt":{"rendered":"<p>VeranstaltungenAngelika Platen, Sigmar Polke und Angelika Platen, Zwei im Spiegel, Willich 1973 \/ Elina Brotherus und Angelika Platen, Zwei im Spiegel, Berlin 2025 \u00a9 Angelika Platen\u00d6ffentliche F\u00fchrungen sonntags | 16 Uhr Sonntags finden \u00f6ffentliche F\u00fchrungen durch die aktuelle Ausstellung statt. Die F\u00fchrungen sind im Eintrittspreis enthalten. Eine Anmeldung ist nicht erforderlich.\u200bElina Brotherus, Alvar Aalto Kulturhaus, [&hellip;]<\/p>\n","protected":false},"author":2,"featured_media":0,"parent":283024,"menu_order":1,"comment_status":"closed","ping_status":"closed","template":"","meta":{"_et_pb_use_builder":"on","_et_pb_old_content":"","_et_gb_content_width":"","footnotes":""},"class_list":["post-284049","page","type-page","status-publish","hentry"],"yoast_head":"<!-- This site is optimized with the Yoast SEO plugin v27.3 - https:\/\/yoast.com\/product\/yoast-seo-wordpress\/ -->\n<title>Museum f\u00fcr Photographie Braunschweig - Aktuell<\/title>\n<meta name=\"description\" content=\"Die aktuellen Veranstaltungen im Museum f\u00fcr Photographie Braunschweig. Besuchen Sie uns in der Helmstedter Stra\u00dfe 1.\" \/>\n<meta name=\"robots\" content=\"index, follow, max-snippet:-1, max-image-preview:large, max-video-preview:-1\" \/>\n<link rel=\"canonical\" href=\"https:\/\/www.photomuseum.de\/index.php\/veranstaltungen\/aktuell\/\" \/>\n<meta property=\"og:locale\" content=\"de_DE\" \/>\n<meta property=\"og:type\" content=\"article\" \/>\n<meta property=\"og:title\" content=\"Museum f\u00fcr Photographie Braunschweig - Veranstaltungen\" \/>\n<meta property=\"og:description\" content=\"Die aktuellen Veranstaltungen im Museum f\u00fcr Photographie Braunschweig. Besuchen Sie uns in der Helmstedter Stra\u00dfe 1.\" \/>\n<meta property=\"og:url\" content=\"https:\/\/www.photomuseum.de\/index.php\/veranstaltungen\/aktuell\/\" \/>\n<meta property=\"og:site_name\" content=\"Museum f\u00fcr Photographie Braunschweig\" \/>\n<meta property=\"article:publisher\" content=\"https:\/\/www.facebook.com\/museumfuerphotographie.bs\" \/>\n<meta property=\"article:modified_time\" content=\"2026-04-07T13:20:39+00:00\" \/>\n<meta property=\"og:image\" content=\"https:\/\/www.photomuseum.de\/wp-content\/uploads\/2026\/02\/Veranstaltungen-SoMe.jpg\" \/>\n\t<meta property=\"og:image:width\" content=\"700\" \/>\n\t<meta property=\"og:image:height\" content=\"500\" \/>\n\t<meta property=\"og:image:type\" content=\"image\/jpeg\" \/>\n<meta name=\"twitter:card\" content=\"summary_large_image\" \/>\n<meta name=\"twitter:title\" content=\"Museum f\u00fcr Photographie Braunschweig - Veranstaltungen\" \/>\n<meta name=\"twitter:image\" content=\"https:\/\/www.photomuseum.de\/wp-content\/uploads\/2026\/02\/Veranstaltungen-SoMe.jpg\" \/>\n<meta name=\"twitter:label1\" content=\"Gesch\u00e4tzte Lesezeit\" \/>\n\t<meta name=\"twitter:data1\" content=\"3\u00a0Minuten\" \/>\n<script type=\"application\/ld+json\" class=\"yoast-schema-graph\">{\"@context\":\"https:\\\/\\\/schema.org\",\"@graph\":[{\"@type\":\"WebPage\",\"@id\":\"https:\\\/\\\/www.photomuseum.de\\\/index.php\\\/veranstaltungen\\\/aktuell\\\/\",\"url\":\"https:\\\/\\\/www.photomuseum.de\\\/index.php\\\/veranstaltungen\\\/aktuell\\\/\",\"name\":\"Museum f\u00fcr Photographie Braunschweig - Aktuell\",\"isPartOf\":{\"@id\":\"https:\\\/\\\/www.photomuseum.de\\\/#website\"},\"datePublished\":\"2026-02-13T16:50:41+00:00\",\"dateModified\":\"2026-04-07T13:20:39+00:00\",\"description\":\"Die aktuellen Veranstaltungen im Museum f\u00fcr Photographie Braunschweig. Besuchen Sie uns in der Helmstedter Stra\u00dfe 1.\",\"breadcrumb\":{\"@id\":\"https:\\\/\\\/www.photomuseum.de\\\/index.php\\\/veranstaltungen\\\/aktuell\\\/#breadcrumb\"},\"inLanguage\":\"de\",\"potentialAction\":[{\"@type\":\"ReadAction\",\"target\":[\"https:\\\/\\\/www.photomuseum.de\\\/index.php\\\/veranstaltungen\\\/aktuell\\\/\"]}]},{\"@type\":\"BreadcrumbList\",\"@id\":\"https:\\\/\\\/www.photomuseum.de\\\/index.php\\\/veranstaltungen\\\/aktuell\\\/#breadcrumb\",\"itemListElement\":[{\"@type\":\"ListItem\",\"position\":1,\"name\":\"Start\",\"item\":\"https:\\\/\\\/www.photomuseum.de\\\/\"},{\"@type\":\"ListItem\",\"position\":2,\"name\":\"Veranstaltungen\",\"item\":\"https:\\\/\\\/www.photomuseum.de\\\/index.php\\\/veranstaltungen\\\/\"},{\"@type\":\"ListItem\",\"position\":3,\"name\":\"Aktuell\"}]},{\"@type\":\"WebSite\",\"@id\":\"https:\\\/\\\/www.photomuseum.de\\\/#website\",\"url\":\"https:\\\/\\\/www.photomuseum.de\\\/\",\"name\":\"Museum f\u00fcr Photographie Braunschweig\",\"description\":\"\",\"publisher\":{\"@id\":\"https:\\\/\\\/www.photomuseum.de\\\/#organization\"},\"potentialAction\":[{\"@type\":\"SearchAction\",\"target\":{\"@type\":\"EntryPoint\",\"urlTemplate\":\"https:\\\/\\\/www.photomuseum.de\\\/?s={search_term_string}\"},\"query-input\":{\"@type\":\"PropertyValueSpecification\",\"valueRequired\":true,\"valueName\":\"search_term_string\"}}],\"inLanguage\":\"de\"},{\"@type\":\"Organization\",\"@id\":\"https:\\\/\\\/www.photomuseum.de\\\/#organization\",\"name\":\"Museum f\u00fcr Photographie Braunschweig\",\"url\":\"https:\\\/\\\/www.photomuseum.de\\\/\",\"logo\":{\"@type\":\"ImageObject\",\"inLanguage\":\"de\",\"@id\":\"https:\\\/\\\/www.photomuseum.de\\\/#\\\/schema\\\/logo\\\/image\\\/\",\"url\":\"https:\\\/\\\/www.photomuseum.de\\\/wp-content\\\/uploads\\\/2026\\\/02\\\/Photomuseum-Logo.png\",\"contentUrl\":\"https:\\\/\\\/www.photomuseum.de\\\/wp-content\\\/uploads\\\/2026\\\/02\\\/Photomuseum-Logo.png\",\"width\":2099,\"height\":349,\"caption\":\"Museum f\u00fcr Photographie Braunschweig\"},\"image\":{\"@id\":\"https:\\\/\\\/www.photomuseum.de\\\/#\\\/schema\\\/logo\\\/image\\\/\"},\"sameAs\":[\"https:\\\/\\\/www.facebook.com\\\/museumfuerphotographie.bs\",\"https:\\\/\\\/www.instagram.com\\\/museumfuerphotographie_bs\\\/\"]}]}<\/script>\n<!-- \/ Yoast SEO plugin. -->","yoast_head_json":{"title":"Museum f\u00fcr Photographie Braunschweig - Aktuell","description":"Die aktuellen Veranstaltungen im Museum f\u00fcr Photographie Braunschweig. Besuchen Sie uns in der Helmstedter Stra\u00dfe 1.","robots":{"index":"index","follow":"follow","max-snippet":"max-snippet:-1","max-image-preview":"max-image-preview:large","max-video-preview":"max-video-preview:-1"},"canonical":"https:\/\/www.photomuseum.de\/index.php\/veranstaltungen\/aktuell\/","og_locale":"de_DE","og_type":"article","og_title":"Museum f\u00fcr Photographie Braunschweig - Veranstaltungen","og_description":"Die aktuellen Veranstaltungen im Museum f\u00fcr Photographie Braunschweig. Besuchen Sie uns in der Helmstedter Stra\u00dfe 1.","og_url":"https:\/\/www.photomuseum.de\/index.php\/veranstaltungen\/aktuell\/","og_site_name":"Museum f\u00fcr Photographie Braunschweig","article_publisher":"https:\/\/www.facebook.com\/museumfuerphotographie.bs","article_modified_time":"2026-04-07T13:20:39+00:00","og_image":[{"width":700,"height":500,"url":"https:\/\/www.photomuseum.de\/wp-content\/uploads\/2026\/02\/Veranstaltungen-SoMe.jpg","type":"image\/jpeg"}],"twitter_card":"summary_large_image","twitter_title":"Museum f\u00fcr Photographie Braunschweig - Veranstaltungen","twitter_image":"https:\/\/www.photomuseum.de\/wp-content\/uploads\/2026\/02\/Veranstaltungen-SoMe.jpg","twitter_misc":{"Gesch\u00e4tzte Lesezeit":"3\u00a0Minuten"},"schema":{"@context":"https:\/\/schema.org","@graph":[{"@type":"WebPage","@id":"https:\/\/www.photomuseum.de\/index.php\/veranstaltungen\/aktuell\/","url":"https:\/\/www.photomuseum.de\/index.php\/veranstaltungen\/aktuell\/","name":"Museum f\u00fcr Photographie Braunschweig - Aktuell","isPartOf":{"@id":"https:\/\/www.photomuseum.de\/#website"},"datePublished":"2026-02-13T16:50:41+00:00","dateModified":"2026-04-07T13:20:39+00:00","description":"Die aktuellen Veranstaltungen im Museum f\u00fcr Photographie Braunschweig. Besuchen Sie uns in der Helmstedter Stra\u00dfe 1.","breadcrumb":{"@id":"https:\/\/www.photomuseum.de\/index.php\/veranstaltungen\/aktuell\/#breadcrumb"},"inLanguage":"de","potentialAction":[{"@type":"ReadAction","target":["https:\/\/www.photomuseum.de\/index.php\/veranstaltungen\/aktuell\/"]}]},{"@type":"BreadcrumbList","@id":"https:\/\/www.photomuseum.de\/index.php\/veranstaltungen\/aktuell\/#breadcrumb","itemListElement":[{"@type":"ListItem","position":1,"name":"Start","item":"https:\/\/www.photomuseum.de\/"},{"@type":"ListItem","position":2,"name":"Veranstaltungen","item":"https:\/\/www.photomuseum.de\/index.php\/veranstaltungen\/"},{"@type":"ListItem","position":3,"name":"Aktuell"}]},{"@type":"WebSite","@id":"https:\/\/www.photomuseum.de\/#website","url":"https:\/\/www.photomuseum.de\/","name":"Museum f\u00fcr Photographie Braunschweig","description":"","publisher":{"@id":"https:\/\/www.photomuseum.de\/#organization"},"potentialAction":[{"@type":"SearchAction","target":{"@type":"EntryPoint","urlTemplate":"https:\/\/www.photomuseum.de\/?s={search_term_string}"},"query-input":{"@type":"PropertyValueSpecification","valueRequired":true,"valueName":"search_term_string"}}],"inLanguage":"de"},{"@type":"Organization","@id":"https:\/\/www.photomuseum.de\/#organization","name":"Museum f\u00fcr Photographie Braunschweig","url":"https:\/\/www.photomuseum.de\/","logo":{"@type":"ImageObject","inLanguage":"de","@id":"https:\/\/www.photomuseum.de\/#\/schema\/logo\/image\/","url":"https:\/\/www.photomuseum.de\/wp-content\/uploads\/2026\/02\/Photomuseum-Logo.png","contentUrl":"https:\/\/www.photomuseum.de\/wp-content\/uploads\/2026\/02\/Photomuseum-Logo.png","width":2099,"height":349,"caption":"Museum f\u00fcr Photographie Braunschweig"},"image":{"@id":"https:\/\/www.photomuseum.de\/#\/schema\/logo\/image\/"},"sameAs":["https:\/\/www.facebook.com\/museumfuerphotographie.bs","https:\/\/www.instagram.com\/museumfuerphotographie_bs\/"]}]}},"_links":{"self":[{"href":"https:\/\/www.photomuseum.de\/index.php\/wp-json\/wp\/v2\/pages\/284049","targetHints":{"allow":["GET"]}}],"collection":[{"href":"https:\/\/www.photomuseum.de\/index.php\/wp-json\/wp\/v2\/pages"}],"about":[{"href":"https:\/\/www.photomuseum.de\/index.php\/wp-json\/wp\/v2\/types\/page"}],"author":[{"embeddable":true,"href":"https:\/\/www.photomuseum.de\/index.php\/wp-json\/wp\/v2\/users\/2"}],"replies":[{"embeddable":true,"href":"https:\/\/www.photomuseum.de\/index.php\/wp-json\/wp\/v2\/comments?post=284049"}],"version-history":[{"count":43,"href":"https:\/\/www.photomuseum.de\/index.php\/wp-json\/wp\/v2\/pages\/284049\/revisions"}],"predecessor-version":[{"id":284958,"href":"https:\/\/www.photomuseum.de\/index.php\/wp-json\/wp\/v2\/pages\/284049\/revisions\/284958"}],"up":[{"embeddable":true,"href":"https:\/\/www.photomuseum.de\/index.php\/wp-json\/wp\/v2\/pages\/283024"}],"wp:attachment":[{"href":"https:\/\/www.photomuseum.de\/index.php\/wp-json\/wp\/v2\/media?parent=284049"}],"curies":[{"name":"wp","href":"https:\/\/api.w.org\/{rel}","templated":true}]}}