{"id":283212,"date":"2025-12-12T14:51:32","date_gmt":"2025-12-12T13:51:32","guid":{"rendered":"https:\/\/photomuseum.gdstest.de\/?page_id=283212"},"modified":"2026-02-20T10:02:19","modified_gmt":"2026-02-20T09:02:19","slug":"mitgliedschaft","status":"publish","type":"page","link":"https:\/\/www.photomuseum.de\/index.php\/museum\/mitgliedschaft\/","title":{"rendered":"Mitgliedschaft"},"content":{"rendered":"<p>[et_pb_section fb_built=&#8220;1&#8243; _builder_version=&#8220;4.25.0&#8243; _module_preset=&#8220;default&#8220; global_colors_info=&#8220;{}&#8220;][et_pb_row _builder_version=&#8220;4.27.5&#8243; _module_preset=&#8220;default&#8220; custom_margin=&#8220;||40px||false|false&#8220; custom_padding=&#8220;||||false|false&#8220; global_colors_info=&#8220;{}&#8220;][et_pb_column type=&#8220;4_4&#8243; _builder_version=&#8220;4.25.0&#8243; _module_preset=&#8220;default&#8220; global_colors_info=&#8220;{}&#8220;][et_pb_text admin_label=&#8220;Mitgliedschaft im Museum f\u00fcr Photographie Braunschweig e.V.&#8220; _builder_version=&#8220;4.27.5&#8243; _module_preset=&#8220;default&#8220; header_font=&#8220;NHaasGrotest|600|||||||&#8220; header_font_size=&#8220;32px&#8220; header_line_height=&#8220;1.4em&#8220; custom_margin=&#8220;||0px||false|false&#8220; custom_padding=&#8220;||0px||false|false&#8220; global_colors_info=&#8220;{}&#8220;]<\/p>\n<h1>Mitgliedschaft im Museum f\u00fcr Photographie Braunschweig e.V.<\/h1>\n<p>[\/et_pb_text][et_pb_divider _builder_version=&#8220;4.25.0&#8243; _module_preset=&#8220;default&#8220; global_colors_info=&#8220;{}&#8220;][\/et_pb_divider][et_pb_text _builder_version=&#8220;4.27.5&#8243; _module_preset=&#8220;default&#8220; text_text_color=&#8220;#000000&#8243; custom_margin=&#8220;||30px||false|false&#8220; global_colors_info=&#8220;{}&#8220;]<\/p>\n<p>Als Mitglied haben Sie freien Eintritt in alle Ausstellungen und Veranstaltungen des Museums sowie in \u00fcber 270 Kunstvereine, die der ADKV (Arbeitsgemeinschaft Deutscher Kunstvereine) angeschlossen sind. Sie werden regelm\u00e4\u00dfig \u00fcber unser Programm informiert und erhalten eine Reduktion von 10% auf alle angebotenen Jahresgaben und Publikationen des Vereins. Nicht zuletzt bietet das Museum f\u00fcr Photographie Braunschweig seinen Mitgliedern die M\u00f6glichkeit, ihre Fotografien turnusgem\u00e4\u00df auszustellen.<\/p>\n<p>Der Mitgliedsbeitrag betr\u00e4gt pro Kalenderjahr<\/p>\n<ul style=\"padding-left: 30px; line-height: 1.7em;\">\n<li>Einzelpersonen: 75 \u20ac<\/li>\n<li>Paare: 95 \u20ac<\/li>\n<li>Studierende, Rentner*innen und Erwerbslose: 40 \u20ac \/ Paare: 60 \u20ac<\/li>\n<li>Sch\u00fcler*innen: 10 \u20ac<\/li>\n<li>Die F\u00f6rdermitgliedschaft beginnt ab 250 \u20ac<\/li>\n<\/ul>\n<p><a href=\"https:\/\/www.photomuseum.de\/wp-content\/uploads\/2025\/12\/Flyer_Mitgliedschaft_final_hinten.pdf\" target=\"_blank\" rel=\"noopener\">Mitgliedsantrag<\/a> (PDF) | <a href=\"https:\/\/www.photomuseum.de\/wp-content\/uploads\/2025\/12\/Satzung-20-06-2025.pdf\" target=\"_blank\" rel=\"noopener\">Satzung<\/a> (PDF)<\/p>\n<p>Einen Mitgliedsantrag k\u00f6nnen Sie auch per E-Mail oder telefonisch anfordern:\u00a0E-Mail info@photomuseum.de,\u00a0Telefon 0531 \/ 7 50 00<\/p>\n<p>[\/et_pb_text][\/et_pb_column][\/et_pb_row][\/et_pb_section]<\/p>\n","protected":false},"excerpt":{"rendered":"<p>Mitgliedschaft im Museum f\u00fcr Photographie Braunschweig e.V.Als Mitglied haben Sie freien Eintritt in alle Ausstellungen und Veranstaltungen des Museums sowie in \u00fcber 270 Kunstvereine, die der ADKV (Arbeitsgemeinschaft Deutscher Kunstvereine) angeschlossen sind. Sie werden regelm\u00e4\u00dfig \u00fcber unser Programm informiert und erhalten eine Reduktion von 10% auf alle angebotenen Jahresgaben und Publikationen des Vereins. Nicht zuletzt [&hellip;]<\/p>\n","protected":false},"author":2,"featured_media":0,"parent":283182,"menu_order":4,"comment_status":"closed","ping_status":"closed","template":"","meta":{"_et_pb_use_builder":"on","_et_pb_old_content":"","_et_gb_content_width":"","footnotes":""},"class_list":["post-283212","page","type-page","status-publish","hentry"],"yoast_head":"<!-- This site is optimized with the Yoast SEO plugin v27.3 - https:\/\/yoast.com\/product\/yoast-seo-wordpress\/ -->\n<title>Museum f\u00fcr Photographie Braunschweig - Mitgliedschaft<\/title>\n<meta name=\"description\" content=\"Als Mitglied haben Sie freien Eintritt in alle Ausstellungen und Veranstaltungen des Museums sowie in \u00fcber 270 Kunstvereine des ADKV.\" \/>\n<meta name=\"robots\" content=\"index, follow, max-snippet:-1, max-image-preview:large, max-video-preview:-1\" \/>\n<link rel=\"canonical\" href=\"https:\/\/www.photomuseum.de\/index.php\/museum\/mitgliedschaft\/\" \/>\n<meta property=\"og:locale\" content=\"de_DE\" \/>\n<meta property=\"og:type\" content=\"article\" \/>\n<meta property=\"og:title\" content=\"Museum f\u00fcr Photographie Braunschweig - Mitgliedschaft\" \/>\n<meta property=\"og:description\" content=\"Als Mitglied haben Sie freien Eintritt in alle Ausstellungen und Veranstaltungen des Museums sowie in \u00fcber 270 Kunstvereine des ADKV.\" \/>\n<meta property=\"og:url\" content=\"https:\/\/www.photomuseum.de\/index.php\/museum\/mitgliedschaft\/\" \/>\n<meta property=\"og:site_name\" content=\"Museum f\u00fcr Photographie Braunschweig\" \/>\n<meta property=\"article:publisher\" content=\"https:\/\/www.facebook.com\/museumfuerphotographie.bs\" \/>\n<meta property=\"article:modified_time\" content=\"2026-02-20T09:02:19+00:00\" \/>\n<meta property=\"og:image\" content=\"https:\/\/www.photomuseum.de\/wp-content\/uploads\/2026\/02\/Photomuseum-SoMe.jpg\" \/>\n\t<meta property=\"og:image:width\" content=\"1080\" \/>\n\t<meta property=\"og:image:height\" content=\"560\" \/>\n\t<meta property=\"og:image:type\" content=\"image\/jpeg\" \/>\n<meta name=\"twitter:card\" content=\"summary_large_image\" \/>\n<meta name=\"twitter:title\" content=\"Museum f\u00fcr Photographie Braunschweig - Mitgliedschaft\" \/>\n<meta name=\"twitter:image\" content=\"https:\/\/www.photomuseum.de\/wp-content\/uploads\/2026\/02\/Photomuseum-SoMe.jpg\" \/>\n<meta name=\"twitter:label1\" content=\"Gesch\u00e4tzte Lesezeit\" \/>\n\t<meta name=\"twitter:data1\" content=\"1\u00a0Minute\" \/>\n<script type=\"application\/ld+json\" class=\"yoast-schema-graph\">{\"@context\":\"https:\\\/\\\/schema.org\",\"@graph\":[{\"@type\":\"WebPage\",\"@id\":\"https:\\\/\\\/www.photomuseum.de\\\/index.php\\\/museum\\\/mitgliedschaft\\\/\",\"url\":\"https:\\\/\\\/www.photomuseum.de\\\/index.php\\\/museum\\\/mitgliedschaft\\\/\",\"name\":\"Museum f\u00fcr Photographie Braunschweig - Mitgliedschaft\",\"isPartOf\":{\"@id\":\"https:\\\/\\\/www.photomuseum.de\\\/#website\"},\"datePublished\":\"2025-12-12T13:51:32+00:00\",\"dateModified\":\"2026-02-20T09:02:19+00:00\",\"description\":\"Als Mitglied haben Sie freien Eintritt in alle Ausstellungen und Veranstaltungen des Museums sowie in \u00fcber 270 Kunstvereine des ADKV.\",\"breadcrumb\":{\"@id\":\"https:\\\/\\\/www.photomuseum.de\\\/index.php\\\/museum\\\/mitgliedschaft\\\/#breadcrumb\"},\"inLanguage\":\"de\",\"potentialAction\":[{\"@type\":\"ReadAction\",\"target\":[\"https:\\\/\\\/www.photomuseum.de\\\/index.php\\\/museum\\\/mitgliedschaft\\\/\"]}]},{\"@type\":\"BreadcrumbList\",\"@id\":\"https:\\\/\\\/www.photomuseum.de\\\/index.php\\\/museum\\\/mitgliedschaft\\\/#breadcrumb\",\"itemListElement\":[{\"@type\":\"ListItem\",\"position\":1,\"name\":\"Start\",\"item\":\"https:\\\/\\\/www.photomuseum.de\\\/\"},{\"@type\":\"ListItem\",\"position\":2,\"name\":\"Museum\",\"item\":\"https:\\\/\\\/www.photomuseum.de\\\/index.php\\\/museum\\\/\"},{\"@type\":\"ListItem\",\"position\":3,\"name\":\"Mitgliedschaft\"}]},{\"@type\":\"WebSite\",\"@id\":\"https:\\\/\\\/www.photomuseum.de\\\/#website\",\"url\":\"https:\\\/\\\/www.photomuseum.de\\\/\",\"name\":\"Museum f\u00fcr Photographie Braunschweig\",\"description\":\"\",\"publisher\":{\"@id\":\"https:\\\/\\\/www.photomuseum.de\\\/#organization\"},\"potentialAction\":[{\"@type\":\"SearchAction\",\"target\":{\"@type\":\"EntryPoint\",\"urlTemplate\":\"https:\\\/\\\/www.photomuseum.de\\\/?s={search_term_string}\"},\"query-input\":{\"@type\":\"PropertyValueSpecification\",\"valueRequired\":true,\"valueName\":\"search_term_string\"}}],\"inLanguage\":\"de\"},{\"@type\":\"Organization\",\"@id\":\"https:\\\/\\\/www.photomuseum.de\\\/#organization\",\"name\":\"Museum f\u00fcr Photographie Braunschweig\",\"url\":\"https:\\\/\\\/www.photomuseum.de\\\/\",\"logo\":{\"@type\":\"ImageObject\",\"inLanguage\":\"de\",\"@id\":\"https:\\\/\\\/www.photomuseum.de\\\/#\\\/schema\\\/logo\\\/image\\\/\",\"url\":\"https:\\\/\\\/www.photomuseum.de\\\/wp-content\\\/uploads\\\/2026\\\/02\\\/Photomuseum-Logo.png\",\"contentUrl\":\"https:\\\/\\\/www.photomuseum.de\\\/wp-content\\\/uploads\\\/2026\\\/02\\\/Photomuseum-Logo.png\",\"width\":2099,\"height\":349,\"caption\":\"Museum f\u00fcr Photographie Braunschweig\"},\"image\":{\"@id\":\"https:\\\/\\\/www.photomuseum.de\\\/#\\\/schema\\\/logo\\\/image\\\/\"},\"sameAs\":[\"https:\\\/\\\/www.facebook.com\\\/museumfuerphotographie.bs\",\"https:\\\/\\\/www.instagram.com\\\/museumfuerphotographie_bs\\\/\"]}]}<\/script>\n<!-- \/ Yoast SEO plugin. -->","yoast_head_json":{"title":"Museum f\u00fcr Photographie Braunschweig - Mitgliedschaft","description":"Als Mitglied haben Sie freien Eintritt in alle Ausstellungen und Veranstaltungen des Museums sowie in \u00fcber 270 Kunstvereine des ADKV.","robots":{"index":"index","follow":"follow","max-snippet":"max-snippet:-1","max-image-preview":"max-image-preview:large","max-video-preview":"max-video-preview:-1"},"canonical":"https:\/\/www.photomuseum.de\/index.php\/museum\/mitgliedschaft\/","og_locale":"de_DE","og_type":"article","og_title":"Museum f\u00fcr Photographie Braunschweig - Mitgliedschaft","og_description":"Als Mitglied haben Sie freien Eintritt in alle Ausstellungen und Veranstaltungen des Museums sowie in \u00fcber 270 Kunstvereine des ADKV.","og_url":"https:\/\/www.photomuseum.de\/index.php\/museum\/mitgliedschaft\/","og_site_name":"Museum f\u00fcr Photographie Braunschweig","article_publisher":"https:\/\/www.facebook.com\/museumfuerphotographie.bs","article_modified_time":"2026-02-20T09:02:19+00:00","og_image":[{"width":1080,"height":560,"url":"https:\/\/www.photomuseum.de\/wp-content\/uploads\/2026\/02\/Photomuseum-SoMe.jpg","type":"image\/jpeg"}],"twitter_card":"summary_large_image","twitter_title":"Museum f\u00fcr Photographie Braunschweig - Mitgliedschaft","twitter_image":"https:\/\/www.photomuseum.de\/wp-content\/uploads\/2026\/02\/Photomuseum-SoMe.jpg","twitter_misc":{"Gesch\u00e4tzte Lesezeit":"1\u00a0Minute"},"schema":{"@context":"https:\/\/schema.org","@graph":[{"@type":"WebPage","@id":"https:\/\/www.photomuseum.de\/index.php\/museum\/mitgliedschaft\/","url":"https:\/\/www.photomuseum.de\/index.php\/museum\/mitgliedschaft\/","name":"Museum f\u00fcr Photographie Braunschweig - Mitgliedschaft","isPartOf":{"@id":"https:\/\/www.photomuseum.de\/#website"},"datePublished":"2025-12-12T13:51:32+00:00","dateModified":"2026-02-20T09:02:19+00:00","description":"Als Mitglied haben Sie freien Eintritt in alle Ausstellungen und Veranstaltungen des Museums sowie in \u00fcber 270 Kunstvereine des ADKV.","breadcrumb":{"@id":"https:\/\/www.photomuseum.de\/index.php\/museum\/mitgliedschaft\/#breadcrumb"},"inLanguage":"de","potentialAction":[{"@type":"ReadAction","target":["https:\/\/www.photomuseum.de\/index.php\/museum\/mitgliedschaft\/"]}]},{"@type":"BreadcrumbList","@id":"https:\/\/www.photomuseum.de\/index.php\/museum\/mitgliedschaft\/#breadcrumb","itemListElement":[{"@type":"ListItem","position":1,"name":"Start","item":"https:\/\/www.photomuseum.de\/"},{"@type":"ListItem","position":2,"name":"Museum","item":"https:\/\/www.photomuseum.de\/index.php\/museum\/"},{"@type":"ListItem","position":3,"name":"Mitgliedschaft"}]},{"@type":"WebSite","@id":"https:\/\/www.photomuseum.de\/#website","url":"https:\/\/www.photomuseum.de\/","name":"Museum f\u00fcr Photographie Braunschweig","description":"","publisher":{"@id":"https:\/\/www.photomuseum.de\/#organization"},"potentialAction":[{"@type":"SearchAction","target":{"@type":"EntryPoint","urlTemplate":"https:\/\/www.photomuseum.de\/?s={search_term_string}"},"query-input":{"@type":"PropertyValueSpecification","valueRequired":true,"valueName":"search_term_string"}}],"inLanguage":"de"},{"@type":"Organization","@id":"https:\/\/www.photomuseum.de\/#organization","name":"Museum f\u00fcr Photographie Braunschweig","url":"https:\/\/www.photomuseum.de\/","logo":{"@type":"ImageObject","inLanguage":"de","@id":"https:\/\/www.photomuseum.de\/#\/schema\/logo\/image\/","url":"https:\/\/www.photomuseum.de\/wp-content\/uploads\/2026\/02\/Photomuseum-Logo.png","contentUrl":"https:\/\/www.photomuseum.de\/wp-content\/uploads\/2026\/02\/Photomuseum-Logo.png","width":2099,"height":349,"caption":"Museum f\u00fcr Photographie Braunschweig"},"image":{"@id":"https:\/\/www.photomuseum.de\/#\/schema\/logo\/image\/"},"sameAs":["https:\/\/www.facebook.com\/museumfuerphotographie.bs","https:\/\/www.instagram.com\/museumfuerphotographie_bs\/"]}]}},"_links":{"self":[{"href":"https:\/\/www.photomuseum.de\/index.php\/wp-json\/wp\/v2\/pages\/283212","targetHints":{"allow":["GET"]}}],"collection":[{"href":"https:\/\/www.photomuseum.de\/index.php\/wp-json\/wp\/v2\/pages"}],"about":[{"href":"https:\/\/www.photomuseum.de\/index.php\/wp-json\/wp\/v2\/types\/page"}],"author":[{"embeddable":true,"href":"https:\/\/www.photomuseum.de\/index.php\/wp-json\/wp\/v2\/users\/2"}],"replies":[{"embeddable":true,"href":"https:\/\/www.photomuseum.de\/index.php\/wp-json\/wp\/v2\/comments?post=283212"}],"version-history":[{"count":5,"href":"https:\/\/www.photomuseum.de\/index.php\/wp-json\/wp\/v2\/pages\/283212\/revisions"}],"predecessor-version":[{"id":284140,"href":"https:\/\/www.photomuseum.de\/index.php\/wp-json\/wp\/v2\/pages\/283212\/revisions\/284140"}],"up":[{"embeddable":true,"href":"https:\/\/www.photomuseum.de\/index.php\/wp-json\/wp\/v2\/pages\/283182"}],"wp:attachment":[{"href":"https:\/\/www.photomuseum.de\/index.php\/wp-json\/wp\/v2\/media?parent=283212"}],"curies":[{"name":"wp","href":"https:\/\/api.w.org\/{rel}","templated":true}]}}