{"id":283199,"date":"2025-12-12T14:31:24","date_gmt":"2025-12-12T13:31:24","guid":{"rendered":"https:\/\/photomuseum.gdstest.de\/?page_id=283199"},"modified":"2026-03-27T15:58:33","modified_gmt":"2026-03-27T14:58:33","slug":"besucherinfo","status":"publish","type":"page","link":"https:\/\/www.photomuseum.de\/index.php\/besucherinfo\/","title":{"rendered":"Besucherinfo"},"content":{"rendered":"<p>[et_pb_section fb_built=&#8220;1&#8243; _builder_version=&#8220;4.25.0&#8243; _module_preset=&#8220;default&#8220; global_colors_info=&#8220;{}&#8220;][et_pb_row _builder_version=&#8220;4.27.5&#8243; _module_preset=&#8220;default&#8220; custom_margin=&#8220;||||false|false&#8220; custom_padding=&#8220;||||false|false&#8220; global_colors_info=&#8220;{}&#8220;][et_pb_column type=&#8220;4_4&#8243; _builder_version=&#8220;4.25.0&#8243; _module_preset=&#8220;default&#8220; global_colors_info=&#8220;{}&#8220;][et_pb_text admin_label=&#8220;Informationen f\u00fcr Besucher*innen&#8220; _builder_version=&#8220;4.27.5&#8243; _module_preset=&#8220;default&#8220; header_font=&#8220;NHaasGrotest|600|||||||&#8220; header_font_size=&#8220;32px&#8220; header_line_height=&#8220;1.4em&#8220; custom_margin=&#8220;||0px||false|false&#8220; custom_padding=&#8220;||0px||false|false&#8220; global_colors_info=&#8220;{}&#8220;]<\/p>\n<h1>Informationen f\u00fcr Besucher*innen<\/h1>\n<p>[\/et_pb_text][et_pb_divider _builder_version=&#8220;4.25.0&#8243; _module_preset=&#8220;default&#8220; global_colors_info=&#8220;{}&#8220;][\/et_pb_divider][\/et_pb_column][\/et_pb_row][et_pb_row column_structure=&#8220;1_2,1_2&#8243; use_custom_gutter=&#8220;on&#8220; gutter_width=&#8220;3&#8243; _builder_version=&#8220;4.27.5&#8243; _module_preset=&#8220;default&#8220; custom_margin=&#8220;0px||||false|false&#8220; custom_padding=&#8220;0px||||false|false&#8220; global_colors_info=&#8220;{}&#8220;][et_pb_column type=&#8220;1_2&#8243; _builder_version=&#8220;4.27.5&#8243; _module_preset=&#8220;default&#8220; global_colors_info=&#8220;{}&#8220;][et_pb_text _builder_version=&#8220;4.27.5&#8243; _module_preset=&#8220;default&#8220; text_text_color=&#8220;#000000&#8243; custom_margin=&#8220;||30px||false|false&#8220; global_colors_info=&#8220;{}&#8220;]<\/p>\n<p><strong>Museum f\u00fcr Photographie Braunschweig<\/strong><br \/>Helmstedter Stra\u00dfe 1<br \/>D \u2013 38102 Braunschweig<\/p>\n<p><strong>Aktuell Bauma\u00dfnahme in der Helmstedter Stra\u00dfe. <\/strong><strong>Das Museum ist wie gewohnt ge\u00f6ffnet.<\/strong><\/p>\n<p><strong>Barrierefreiheit<br \/><\/strong>Zu den \u00d6ffnungszeiten ist das Museum f\u00fcr Photographie \u00fcber eine Rampe barrierefrei zu erreichen. Eine barrierefreie Toilette gibt es nicht.<\/p>\n<p><strong>\u00d6ffentliche Verkehrsmittel<br \/><\/strong>Bus 413 bis Steintor oder Tram 4, 5, Bus 452 bis Museumstra\u00dfe<\/p>\n<p><strong>Parken<br \/><\/strong>Das Museum verf\u00fcgt nicht \u00fcber eigene Parkpl\u00e4tze. In n\u00e4herer Umgebung finden Sie kostenpflichtige Parkm\u00f6glichkeiten an der Museumstra\u00dfe. Im weiteren Umkreis befinden sich zudem folgende Parkh\u00e4user:<\/p>\n<ul style=\"padding-left: 30px; padding-top: 20px; line-height: 1.7em;\">\n<li><a href=\"https:\/\/www.parkundtank.de\/braunschweig-magni-tarife.php\" target=\"_blank\" rel=\"noopener\">Tiefgarage Magni<\/a><br \/>Montag \u2013 Samstag: 7 \u2013 22 Uhr<\/li>\n<li><a href=\"https:\/\/www.schloss-arkaden.de\/service\/anfahrt-parken\/parken\/\" target=\"_blank\" rel=\"noopener\">Parkhaus Schloss-Arkaden<\/a><br \/>Montag \u2013 Samstag: 7 \u2013 21.30 Uhr, Sonntag: 11 \u2013 18 Uhr<\/li>\n<\/ul>\n<p>[\/et_pb_text][\/et_pb_column][et_pb_column type=&#8220;1_2&#8243; _builder_version=&#8220;4.27.5&#8243; _module_preset=&#8220;default&#8220; global_colors_info=&#8220;{}&#8220;][et_pb_text _builder_version=&#8220;4.27.6&#8243; _module_preset=&#8220;default&#8220; text_text_color=&#8220;#000000&#8243; custom_margin=&#8220;||30px||false|false&#8220; hover_enabled=&#8220;0&#8243; global_colors_info=&#8220;{}&#8220; sticky_enabled=&#8220;0&#8243;]<\/p>\n<p><strong>\u00d6ffnungszeiten Torh\u00e4user<br \/><\/strong>Di \u2013 Fr 13 \u2013 18 Uhr, Sa + So 11 \u2013 18 Uhr<\/p>\n<p><strong>\u00d6ffnungszeiten w\u00e4hrend der Feiertage<br \/><\/strong>24., 25., 31.12. + 1.1. geschlossen, 26.12., 11 \u2013 18 Uhr<br \/>Karfreitag geschlossen<\/p>\n<p><strong>Eintrittspreise<br \/><\/strong>Regul\u00e4r: 5 \u20ac \/ Erm\u00e4\u00dfigt: 3 \u20ac (nur Barzahlung m\u00f6glich)<\/p>\n<p><strong>Erm\u00e4\u00dfigten Eintritt<\/strong> erhalten Sch\u00fcler*innen, Studierende, Auszubildende, Erwerbslose, Menschen mit Behinderung, Rentner*innen und Inhaber*innen des \u201eBraunschweig-Passes\u201c.<\/p>\n<p><strong>Freien Eintritt<\/strong> erhalten Mitglieder des Museumsvereins sowie Mitglieder anderer Kunstvereine, die im ADKV organisiert sind, Mitglieder des BBK, Art-Abonnent*innen, die im Besitz einer artcard sind, ICOM-Mitglieder, Studierende der HBK Braunschweig und Pressevertreter*innen mit Presseausweis.<\/p>\n<p><strong>HAPPY THURSDAY<\/strong> freier Eintritt zum 1. Donnerstag im Monat und verl\u00e4ngerte \u00d6ffnungszeiten bis 20 Uhr sowie eine F\u00fchrung mit dem Museumsteam um 18 Uhr!<\/p>\n<p>[\/et_pb_text][\/et_pb_column][\/et_pb_row][\/et_pb_section]<\/p>\n","protected":false},"excerpt":{"rendered":"<p>Informationen f\u00fcr Besucher*innenMuseum f\u00fcr Photographie BraunschweigHelmstedter Stra\u00dfe 1D \u2013 38102 Braunschweig Aktuell Bauma\u00dfnahme in der Helmstedter Stra\u00dfe. Das Museum ist wie gewohnt ge\u00f6ffnet. BarrierefreiheitZu den \u00d6ffnungszeiten ist das Museum f\u00fcr Photographie \u00fcber eine Rampe barrierefrei zu erreichen. Eine barrierefreie Toilette gibt es nicht. \u00d6ffentliche VerkehrsmittelBus 413 bis Steintor oder Tram 4, 5, Bus 452 bis [&hellip;]<\/p>\n","protected":false},"author":2,"featured_media":0,"parent":0,"menu_order":7,"comment_status":"closed","ping_status":"closed","template":"","meta":{"_et_pb_use_builder":"on","_et_pb_old_content":"","_et_gb_content_width":"","footnotes":""},"class_list":["post-283199","page","type-page","status-publish","hentry"],"yoast_head":"<!-- This site is optimized with the Yoast SEO plugin v27.3 - https:\/\/yoast.com\/product\/yoast-seo-wordpress\/ -->\n<title>Museum f\u00fcr Photographie Braunschweig - Besucherinfo<\/title>\n<meta name=\"description\" content=\"Informationen f\u00fcr Besucherinnen und Besucher des Museums f\u00fcr Photographie Braunschweig. Preise, Anfahrt und \u00d6ffnungszeiten.\" \/>\n<meta name=\"robots\" content=\"index, follow, max-snippet:-1, max-image-preview:large, max-video-preview:-1\" \/>\n<link rel=\"canonical\" href=\"https:\/\/www.photomuseum.de\/index.php\/besucherinfo\/\" \/>\n<meta property=\"og:locale\" content=\"de_DE\" \/>\n<meta property=\"og:type\" content=\"article\" \/>\n<meta property=\"og:title\" content=\"Museum f\u00fcr Photographie Braunschweig - Besucherinfo\" \/>\n<meta property=\"og:description\" content=\"Informationen f\u00fcr Besucherinnen und Besucher des Museums f\u00fcr Photographie Braunschweig. Preise, Anfahrt und \u00d6ffnungszeiten.\" \/>\n<meta property=\"og:url\" content=\"https:\/\/www.photomuseum.de\/index.php\/besucherinfo\/\" \/>\n<meta property=\"og:site_name\" content=\"Museum f\u00fcr Photographie Braunschweig\" \/>\n<meta property=\"article:publisher\" content=\"https:\/\/www.facebook.com\/museumfuerphotographie.bs\" \/>\n<meta property=\"article:modified_time\" content=\"2026-03-27T14:58:33+00:00\" \/>\n<meta property=\"og:image\" content=\"https:\/\/www.photomuseum.de\/wp-content\/uploads\/2026\/02\/Photomuseum-SoMe.jpg\" \/>\n\t<meta property=\"og:image:width\" content=\"1080\" \/>\n\t<meta property=\"og:image:height\" content=\"560\" \/>\n\t<meta property=\"og:image:type\" content=\"image\/jpeg\" \/>\n<meta name=\"twitter:card\" content=\"summary_large_image\" \/>\n<meta name=\"twitter:title\" content=\"Museum f\u00fcr Photographie Braunschweig - Besucherinfo\" \/>\n<meta name=\"twitter:image\" content=\"https:\/\/www.photomuseum.de\/wp-content\/uploads\/2026\/02\/Photomuseum-SoMe.jpg\" \/>\n<meta name=\"twitter:label1\" content=\"Gesch\u00e4tzte Lesezeit\" \/>\n\t<meta name=\"twitter:data1\" content=\"2\u00a0Minuten\" \/>\n<script type=\"application\/ld+json\" class=\"yoast-schema-graph\">{\"@context\":\"https:\\\/\\\/schema.org\",\"@graph\":[{\"@type\":\"WebPage\",\"@id\":\"https:\\\/\\\/www.photomuseum.de\\\/index.php\\\/besucherinfo\\\/\",\"url\":\"https:\\\/\\\/www.photomuseum.de\\\/index.php\\\/besucherinfo\\\/\",\"name\":\"Museum f\u00fcr Photographie Braunschweig - Besucherinfo\",\"isPartOf\":{\"@id\":\"https:\\\/\\\/www.photomuseum.de\\\/#website\"},\"datePublished\":\"2025-12-12T13:31:24+00:00\",\"dateModified\":\"2026-03-27T14:58:33+00:00\",\"description\":\"Informationen f\u00fcr Besucherinnen und Besucher des Museums f\u00fcr Photographie Braunschweig. Preise, Anfahrt und \u00d6ffnungszeiten.\",\"breadcrumb\":{\"@id\":\"https:\\\/\\\/www.photomuseum.de\\\/index.php\\\/besucherinfo\\\/#breadcrumb\"},\"inLanguage\":\"de\",\"potentialAction\":[{\"@type\":\"ReadAction\",\"target\":[\"https:\\\/\\\/www.photomuseum.de\\\/index.php\\\/besucherinfo\\\/\"]}]},{\"@type\":\"BreadcrumbList\",\"@id\":\"https:\\\/\\\/www.photomuseum.de\\\/index.php\\\/besucherinfo\\\/#breadcrumb\",\"itemListElement\":[{\"@type\":\"ListItem\",\"position\":1,\"name\":\"Start\",\"item\":\"https:\\\/\\\/www.photomuseum.de\\\/\"},{\"@type\":\"ListItem\",\"position\":2,\"name\":\"Besucherinfo\"}]},{\"@type\":\"WebSite\",\"@id\":\"https:\\\/\\\/www.photomuseum.de\\\/#website\",\"url\":\"https:\\\/\\\/www.photomuseum.de\\\/\",\"name\":\"Museum f\u00fcr Photographie Braunschweig\",\"description\":\"\",\"publisher\":{\"@id\":\"https:\\\/\\\/www.photomuseum.de\\\/#organization\"},\"potentialAction\":[{\"@type\":\"SearchAction\",\"target\":{\"@type\":\"EntryPoint\",\"urlTemplate\":\"https:\\\/\\\/www.photomuseum.de\\\/?s={search_term_string}\"},\"query-input\":{\"@type\":\"PropertyValueSpecification\",\"valueRequired\":true,\"valueName\":\"search_term_string\"}}],\"inLanguage\":\"de\"},{\"@type\":\"Organization\",\"@id\":\"https:\\\/\\\/www.photomuseum.de\\\/#organization\",\"name\":\"Museum f\u00fcr Photographie Braunschweig\",\"url\":\"https:\\\/\\\/www.photomuseum.de\\\/\",\"logo\":{\"@type\":\"ImageObject\",\"inLanguage\":\"de\",\"@id\":\"https:\\\/\\\/www.photomuseum.de\\\/#\\\/schema\\\/logo\\\/image\\\/\",\"url\":\"https:\\\/\\\/www.photomuseum.de\\\/wp-content\\\/uploads\\\/2026\\\/02\\\/Photomuseum-Logo.png\",\"contentUrl\":\"https:\\\/\\\/www.photomuseum.de\\\/wp-content\\\/uploads\\\/2026\\\/02\\\/Photomuseum-Logo.png\",\"width\":2099,\"height\":349,\"caption\":\"Museum f\u00fcr Photographie Braunschweig\"},\"image\":{\"@id\":\"https:\\\/\\\/www.photomuseum.de\\\/#\\\/schema\\\/logo\\\/image\\\/\"},\"sameAs\":[\"https:\\\/\\\/www.facebook.com\\\/museumfuerphotographie.bs\",\"https:\\\/\\\/www.instagram.com\\\/museumfuerphotographie_bs\\\/\"]}]}<\/script>\n<!-- \/ Yoast SEO plugin. -->","yoast_head_json":{"title":"Museum f\u00fcr Photographie Braunschweig - Besucherinfo","description":"Informationen f\u00fcr Besucherinnen und Besucher des Museums f\u00fcr Photographie Braunschweig. Preise, Anfahrt und \u00d6ffnungszeiten.","robots":{"index":"index","follow":"follow","max-snippet":"max-snippet:-1","max-image-preview":"max-image-preview:large","max-video-preview":"max-video-preview:-1"},"canonical":"https:\/\/www.photomuseum.de\/index.php\/besucherinfo\/","og_locale":"de_DE","og_type":"article","og_title":"Museum f\u00fcr Photographie Braunschweig - Besucherinfo","og_description":"Informationen f\u00fcr Besucherinnen und Besucher des Museums f\u00fcr Photographie Braunschweig. Preise, Anfahrt und \u00d6ffnungszeiten.","og_url":"https:\/\/www.photomuseum.de\/index.php\/besucherinfo\/","og_site_name":"Museum f\u00fcr Photographie Braunschweig","article_publisher":"https:\/\/www.facebook.com\/museumfuerphotographie.bs","article_modified_time":"2026-03-27T14:58:33+00:00","og_image":[{"width":1080,"height":560,"url":"https:\/\/www.photomuseum.de\/wp-content\/uploads\/2026\/02\/Photomuseum-SoMe.jpg","type":"image\/jpeg"}],"twitter_card":"summary_large_image","twitter_title":"Museum f\u00fcr Photographie Braunschweig - Besucherinfo","twitter_image":"https:\/\/www.photomuseum.de\/wp-content\/uploads\/2026\/02\/Photomuseum-SoMe.jpg","twitter_misc":{"Gesch\u00e4tzte Lesezeit":"2\u00a0Minuten"},"schema":{"@context":"https:\/\/schema.org","@graph":[{"@type":"WebPage","@id":"https:\/\/www.photomuseum.de\/index.php\/besucherinfo\/","url":"https:\/\/www.photomuseum.de\/index.php\/besucherinfo\/","name":"Museum f\u00fcr Photographie Braunschweig - Besucherinfo","isPartOf":{"@id":"https:\/\/www.photomuseum.de\/#website"},"datePublished":"2025-12-12T13:31:24+00:00","dateModified":"2026-03-27T14:58:33+00:00","description":"Informationen f\u00fcr Besucherinnen und Besucher des Museums f\u00fcr Photographie Braunschweig. Preise, Anfahrt und \u00d6ffnungszeiten.","breadcrumb":{"@id":"https:\/\/www.photomuseum.de\/index.php\/besucherinfo\/#breadcrumb"},"inLanguage":"de","potentialAction":[{"@type":"ReadAction","target":["https:\/\/www.photomuseum.de\/index.php\/besucherinfo\/"]}]},{"@type":"BreadcrumbList","@id":"https:\/\/www.photomuseum.de\/index.php\/besucherinfo\/#breadcrumb","itemListElement":[{"@type":"ListItem","position":1,"name":"Start","item":"https:\/\/www.photomuseum.de\/"},{"@type":"ListItem","position":2,"name":"Besucherinfo"}]},{"@type":"WebSite","@id":"https:\/\/www.photomuseum.de\/#website","url":"https:\/\/www.photomuseum.de\/","name":"Museum f\u00fcr Photographie Braunschweig","description":"","publisher":{"@id":"https:\/\/www.photomuseum.de\/#organization"},"potentialAction":[{"@type":"SearchAction","target":{"@type":"EntryPoint","urlTemplate":"https:\/\/www.photomuseum.de\/?s={search_term_string}"},"query-input":{"@type":"PropertyValueSpecification","valueRequired":true,"valueName":"search_term_string"}}],"inLanguage":"de"},{"@type":"Organization","@id":"https:\/\/www.photomuseum.de\/#organization","name":"Museum f\u00fcr Photographie Braunschweig","url":"https:\/\/www.photomuseum.de\/","logo":{"@type":"ImageObject","inLanguage":"de","@id":"https:\/\/www.photomuseum.de\/#\/schema\/logo\/image\/","url":"https:\/\/www.photomuseum.de\/wp-content\/uploads\/2026\/02\/Photomuseum-Logo.png","contentUrl":"https:\/\/www.photomuseum.de\/wp-content\/uploads\/2026\/02\/Photomuseum-Logo.png","width":2099,"height":349,"caption":"Museum f\u00fcr Photographie Braunschweig"},"image":{"@id":"https:\/\/www.photomuseum.de\/#\/schema\/logo\/image\/"},"sameAs":["https:\/\/www.facebook.com\/museumfuerphotographie.bs","https:\/\/www.instagram.com\/museumfuerphotographie_bs\/"]}]}},"_links":{"self":[{"href":"https:\/\/www.photomuseum.de\/index.php\/wp-json\/wp\/v2\/pages\/283199","targetHints":{"allow":["GET"]}}],"collection":[{"href":"https:\/\/www.photomuseum.de\/index.php\/wp-json\/wp\/v2\/pages"}],"about":[{"href":"https:\/\/www.photomuseum.de\/index.php\/wp-json\/wp\/v2\/types\/page"}],"author":[{"embeddable":true,"href":"https:\/\/www.photomuseum.de\/index.php\/wp-json\/wp\/v2\/users\/2"}],"replies":[{"embeddable":true,"href":"https:\/\/www.photomuseum.de\/index.php\/wp-json\/wp\/v2\/comments?post=283199"}],"version-history":[{"count":15,"href":"https:\/\/www.photomuseum.de\/index.php\/wp-json\/wp\/v2\/pages\/283199\/revisions"}],"predecessor-version":[{"id":284811,"href":"https:\/\/www.photomuseum.de\/index.php\/wp-json\/wp\/v2\/pages\/283199\/revisions\/284811"}],"wp:attachment":[{"href":"https:\/\/www.photomuseum.de\/index.php\/wp-json\/wp\/v2\/media?parent=283199"}],"curies":[{"name":"wp","href":"https:\/\/api.w.org\/{rel}","templated":true}]}}