{"id":283190,"date":"2025-12-12T14:18:57","date_gmt":"2025-12-12T13:18:57","guid":{"rendered":"https:\/\/photomuseum.gdstest.de\/?page_id=283190"},"modified":"2026-02-20T13:54:03","modified_gmt":"2026-02-20T12:54:03","slug":"sammlung","status":"publish","type":"page","link":"https:\/\/www.photomuseum.de\/index.php\/museum\/sammlung\/","title":{"rendered":"Sammlung"},"content":{"rendered":"<p>[et_pb_section fb_built=&#8220;1&#8243; _builder_version=&#8220;4.25.0&#8243; _module_preset=&#8220;default&#8220; global_colors_info=&#8220;{}&#8220;][et_pb_row _builder_version=&#8220;4.27.5&#8243; _module_preset=&#8220;default&#8220; custom_margin=&#8220;||40px||false|false&#8220; custom_padding=&#8220;||||false|false&#8220; global_colors_info=&#8220;{}&#8220;][et_pb_column type=&#8220;4_4&#8243; _builder_version=&#8220;4.25.0&#8243; _module_preset=&#8220;default&#8220; global_colors_info=&#8220;{}&#8220;][et_pb_text admin_label=&#8220;Sammlung&#8220; _builder_version=&#8220;4.27.5&#8243; _module_preset=&#8220;default&#8220; header_font=&#8220;NHaasGrotest|600|||||||&#8220; header_font_size=&#8220;32px&#8220; header_line_height=&#8220;1.4em&#8220; custom_margin=&#8220;||0px||false|false&#8220; custom_padding=&#8220;||0px||false|false&#8220; global_colors_info=&#8220;{}&#8220;]<\/p>\n<h1>Sammlung<\/h1>\n<p>[\/et_pb_text][et_pb_divider _builder_version=&#8220;4.25.0&#8243; _module_preset=&#8220;default&#8220; global_colors_info=&#8220;{}&#8220;][\/et_pb_divider][et_pb_image src=&#8220;https:\/\/www.photomuseum.de\/wp-content\/uploads\/2025\/12\/Sammlung.jpg&#8220; title_text=&#8220;Links: K\u00e4the Buchler, \u00bbSinteza\u00ab, 1914. Mitte: K\u00e4the Buchler, \u00bbKinder stehen an, um Gasflaschen abzugeben\u00ab, um 1915. \u00a9 Nachlass K\u00e4the Buchler \u2013 Museum f\u00fcr Photgraphie Braunschweig, Depositum Stadtarchiv Braunschweig. Rechts: Nikolaus Geyer: aus der Serie \u00bbWeder Freund noch Feind \u2013 Geschichten aus Beirut\u00ab, 1997\/98.&#8220; show_in_lightbox=&#8220;on&#8220; _builder_version=&#8220;4.27.5&#8243; _module_preset=&#8220;default&#8220; custom_margin=&#8220;||5px||false|false&#8220; custom_padding=&#8220;||0px||false|false&#8220; hover_enabled=&#8220;0&#8243; global_colors_info=&#8220;{}&#8220; alt=&#8220;Links: K\u00e4the Buchler, \u00bbSinteza\u00ab, 1914. Mitte: K\u00e4the Buchler, \u00bbKinder stehen an, um Gasflaschen abzugeben\u00ab, um 1915. \u00a9 Nachlass K\u00e4the Buchler \u2013 Museum f\u00fcr Photgraphie Braunschweig, Depositum Stadtarchiv Braunschweig. Rechts: Nikolaus Geyer: aus der Serie \u00bbWeder Freund noch Feind \u2013 Geschichten aus Beirut\u00ab, 1997\/98.&#8220; sticky_enabled=&#8220;0&#8243;][\/et_pb_image][et_pb_text admin_label=&#8220;Bildunterschrift&#8220; _builder_version=&#8220;4.27.5&#8243; _module_preset=&#8220;default&#8220; text_text_color=&#8220;#000000&#8243; text_font_size=&#8220;14px&#8220; custom_margin=&#8220;0px||||false|false&#8220; custom_padding=&#8220;0px||||false|false&#8220; hover_enabled=&#8220;0&#8243; global_colors_info=&#8220;{}&#8220; text_line_height=&#8220;1.4em&#8220; sticky_enabled=&#8220;0&#8243;]<\/p>\n<p><em>Links: K\u00e4the Buchler, \u00bbSinteza\u00ab, 1914. Mitte: K\u00e4the Buchler, \u00bbKinder stehen an, um Gasflaschen abzugeben\u00ab, um 1915. \u00a9 Nachlass K\u00e4the Buchler &#8211; Museum f\u00fcr Photgraphie Braunschweig, Depositum Stadtarchiv Braunschweig. Rechts: Nikolaus Geyer: aus der Serie \u00bbWeder Freund noch Feind &#8211; Geschichten aus Beirut\u00ab, 1997\/98. <\/em><\/p>\n<p>[\/et_pb_text][et_pb_text _builder_version=&#8220;4.27.5&#8243; _module_preset=&#8220;default&#8220; text_text_color=&#8220;#000000&#8243; custom_margin=&#8220;||30px||false|false&#8220; global_colors_info=&#8220;{}&#8220;]<\/p>\n<p>Die fotografischen Nachl\u00e4sse der Brauschweiger Fotografen K\u00e4the Buchler (1876-1930) und Hans Steffens (1915-1994) sowie Nikolaus Geyer (1968-2005) bilden den Schwerpunkt der Sammlung und sind herausragende Archive der Fotografie im Kontext der Braunschweiger Fotografiegeschichte. Die Konvolute von Buchler und Steffens sind trotz ihres regionalen Bezuges von einzigartigem historischem und \u00e4sthetischem Wert. Bei Steffens sind die dokumentarischen Gehalte seiner Aufnahmen in und von Braunschweig, die er nach dem 2. Weltkrieg kontinuierlich \u2013 \u00fcber 20 Jahre hinweg \u2013 als Pressefotograf f\u00fcr die Braunschweiger Zeitung fotografierte und selbst in die Kategorien \u00bbHistorische Stadtbilder von Bauwerken\u00ab, \u00bbDenkm\u00e4ler\u00ab, \u00bbMuseen\u00ab, \u00bbKunst\u00ab, \u00bbLuftbilder\u00ab, \u00bbSport\/Freizeit\u00ab, \u00bbArbeitswelt\u00ab, \u00bbSt\u00e4dtisches Leben\u00ab, \u00bbPersonen\u00ab und \u00bbMode\u00ab einteilte, herausragend. Bei Buchler hingegen ist ihre Vielfalt an Sujets und fotografischen Verfahren zu betonen, wie die \u00fcberlieferten Autochromplatten, ihre Silbergelatinetrockenplatten und ihre zahlreichen Glasplattendiapositive f\u00fcr Lichtbildervortr\u00e4ge bezeugen. Der Nachlass von Nikolaus Geyer wurde dem Museum f\u00fcr Photographie Braunschweig 2014 \u00fcbergeben und 2016 nach einer ersten Inventarisierung und Aufarbeitung des Nachlasses in der Ausstellung \u00bbWeder Freund noch Feind\u00ab erstmalig pr\u00e4sentiert.<\/p>\n<p>Als fotohistorische Sch\u00e4tze k\u00f6nnen die Fotografien aus der Fr\u00fchzeit der Fotografie mit den Verfahren der Daguerreotypie, des Salzpapiers, des Albuminpapiers oder der Woodburytypie betrachtet werden, die noch dazu von einigen der wichtigsten Fotografen des 19. Jahrhunderts wie Hill &amp; Adamson, Felix Nadar, Julia Margaret Cameron gefertigt wurden. Sie dokumentieren in ihrer authentischen \u00dcberlieferung den Beginn der Fotografie und ihre Entwicklungsgeschichte im 19. Jahrhundert.<\/p>\n<p>Die Sammlung ist im Stadtarchiv Braunschweig untergebracht und wird im Wechsel mit anderen Ausstellungen in den Torh\u00e4usern pr\u00e4sentiert.<\/p>\n<p>[\/et_pb_text][\/et_pb_column][\/et_pb_row][\/et_pb_section]<\/p>\n","protected":false},"excerpt":{"rendered":"<p>SammlungLinks: K\u00e4the Buchler, \u00bbSinteza\u00ab, 1914. Mitte: K\u00e4the Buchler, \u00bbKinder stehen an, um Gasflaschen abzugeben\u00ab, um 1915. \u00a9 Nachlass K\u00e4the Buchler &#8211; Museum f\u00fcr Photgraphie Braunschweig, Depositum Stadtarchiv Braunschweig. Rechts: Nikolaus Geyer: aus der Serie \u00bbWeder Freund noch Feind &#8211; Geschichten aus Beirut\u00ab, 1997\/98. Die fotografischen Nachl\u00e4sse der Brauschweiger Fotografen K\u00e4the Buchler (1876-1930) und Hans Steffens [&hellip;]<\/p>\n","protected":false},"author":2,"featured_media":0,"parent":283182,"menu_order":2,"comment_status":"closed","ping_status":"closed","template":"","meta":{"_et_pb_use_builder":"on","_et_pb_old_content":"","_et_gb_content_width":"","footnotes":""},"class_list":["post-283190","page","type-page","status-publish","hentry"],"yoast_head":"<!-- This site is optimized with the Yoast SEO plugin v27.3 - https:\/\/yoast.com\/product\/yoast-seo-wordpress\/ -->\n<title>Museum f\u00fcr Photographie Braunschweig - Sammlung<\/title>\n<meta name=\"description\" content=\"Unsere Sammlung ist im Stadtarchiv Braunschweig untergebracht und wird im Wechsel mit anderen Ausstellungen in den Torh\u00e4usern pr\u00e4sentiert.\" \/>\n<meta name=\"robots\" content=\"index, follow, max-snippet:-1, max-image-preview:large, max-video-preview:-1\" \/>\n<link rel=\"canonical\" href=\"https:\/\/www.photomuseum.de\/index.php\/museum\/sammlung\/\" \/>\n<meta property=\"og:locale\" content=\"de_DE\" \/>\n<meta property=\"og:type\" content=\"article\" \/>\n<meta property=\"og:title\" content=\"Museum f\u00fcr Photographie Braunschweig - Sammlung\" \/>\n<meta property=\"og:description\" content=\"Unsere Sammlung ist im Stadtarchiv Braunschweig untergebracht und wird im Wechsel mit anderen Ausstellungen in den Torh\u00e4usern pr\u00e4sentiert.\" \/>\n<meta property=\"og:url\" content=\"https:\/\/www.photomuseum.de\/index.php\/museum\/sammlung\/\" \/>\n<meta property=\"og:site_name\" content=\"Museum f\u00fcr Photographie Braunschweig\" \/>\n<meta property=\"article:publisher\" content=\"https:\/\/www.facebook.com\/museumfuerphotographie.bs\" \/>\n<meta property=\"article:modified_time\" content=\"2026-02-20T12:54:03+00:00\" \/>\n<meta property=\"og:image\" content=\"https:\/\/www.photomuseum.de\/wp-content\/uploads\/2026\/02\/Sammlung-SoMe.jpg\" \/>\n\t<meta property=\"og:image:width\" content=\"700\" \/>\n\t<meta property=\"og:image:height\" content=\"500\" \/>\n\t<meta property=\"og:image:type\" content=\"image\/jpeg\" \/>\n<meta name=\"twitter:card\" content=\"summary_large_image\" \/>\n<meta name=\"twitter:title\" content=\"Museum f\u00fcr Photographie Braunschweig - Sammlung\" \/>\n<meta name=\"twitter:image\" content=\"https:\/\/www.photomuseum.de\/wp-content\/uploads\/2026\/02\/Sammlung-SoMe.jpg\" \/>\n<meta name=\"twitter:label1\" content=\"Gesch\u00e4tzte Lesezeit\" \/>\n\t<meta name=\"twitter:data1\" content=\"2\u00a0Minuten\" \/>\n<script type=\"application\/ld+json\" class=\"yoast-schema-graph\">{\"@context\":\"https:\\\/\\\/schema.org\",\"@graph\":[{\"@type\":\"WebPage\",\"@id\":\"https:\\\/\\\/www.photomuseum.de\\\/index.php\\\/museum\\\/sammlung\\\/\",\"url\":\"https:\\\/\\\/www.photomuseum.de\\\/index.php\\\/museum\\\/sammlung\\\/\",\"name\":\"Museum f\u00fcr Photographie Braunschweig - Sammlung\",\"isPartOf\":{\"@id\":\"https:\\\/\\\/www.photomuseum.de\\\/#website\"},\"datePublished\":\"2025-12-12T13:18:57+00:00\",\"dateModified\":\"2026-02-20T12:54:03+00:00\",\"description\":\"Unsere Sammlung ist im Stadtarchiv Braunschweig untergebracht und wird im Wechsel mit anderen Ausstellungen in den Torh\u00e4usern pr\u00e4sentiert.\",\"breadcrumb\":{\"@id\":\"https:\\\/\\\/www.photomuseum.de\\\/index.php\\\/museum\\\/sammlung\\\/#breadcrumb\"},\"inLanguage\":\"de\",\"potentialAction\":[{\"@type\":\"ReadAction\",\"target\":[\"https:\\\/\\\/www.photomuseum.de\\\/index.php\\\/museum\\\/sammlung\\\/\"]}]},{\"@type\":\"BreadcrumbList\",\"@id\":\"https:\\\/\\\/www.photomuseum.de\\\/index.php\\\/museum\\\/sammlung\\\/#breadcrumb\",\"itemListElement\":[{\"@type\":\"ListItem\",\"position\":1,\"name\":\"Start\",\"item\":\"https:\\\/\\\/www.photomuseum.de\\\/\"},{\"@type\":\"ListItem\",\"position\":2,\"name\":\"Museum\",\"item\":\"https:\\\/\\\/www.photomuseum.de\\\/index.php\\\/museum\\\/\"},{\"@type\":\"ListItem\",\"position\":3,\"name\":\"Sammlung\"}]},{\"@type\":\"WebSite\",\"@id\":\"https:\\\/\\\/www.photomuseum.de\\\/#website\",\"url\":\"https:\\\/\\\/www.photomuseum.de\\\/\",\"name\":\"Museum f\u00fcr Photographie Braunschweig\",\"description\":\"\",\"publisher\":{\"@id\":\"https:\\\/\\\/www.photomuseum.de\\\/#organization\"},\"potentialAction\":[{\"@type\":\"SearchAction\",\"target\":{\"@type\":\"EntryPoint\",\"urlTemplate\":\"https:\\\/\\\/www.photomuseum.de\\\/?s={search_term_string}\"},\"query-input\":{\"@type\":\"PropertyValueSpecification\",\"valueRequired\":true,\"valueName\":\"search_term_string\"}}],\"inLanguage\":\"de\"},{\"@type\":\"Organization\",\"@id\":\"https:\\\/\\\/www.photomuseum.de\\\/#organization\",\"name\":\"Museum f\u00fcr Photographie Braunschweig\",\"url\":\"https:\\\/\\\/www.photomuseum.de\\\/\",\"logo\":{\"@type\":\"ImageObject\",\"inLanguage\":\"de\",\"@id\":\"https:\\\/\\\/www.photomuseum.de\\\/#\\\/schema\\\/logo\\\/image\\\/\",\"url\":\"https:\\\/\\\/www.photomuseum.de\\\/wp-content\\\/uploads\\\/2026\\\/02\\\/Photomuseum-Logo.png\",\"contentUrl\":\"https:\\\/\\\/www.photomuseum.de\\\/wp-content\\\/uploads\\\/2026\\\/02\\\/Photomuseum-Logo.png\",\"width\":2099,\"height\":349,\"caption\":\"Museum f\u00fcr Photographie Braunschweig\"},\"image\":{\"@id\":\"https:\\\/\\\/www.photomuseum.de\\\/#\\\/schema\\\/logo\\\/image\\\/\"},\"sameAs\":[\"https:\\\/\\\/www.facebook.com\\\/museumfuerphotographie.bs\",\"https:\\\/\\\/www.instagram.com\\\/museumfuerphotographie_bs\\\/\"]}]}<\/script>\n<!-- \/ Yoast SEO plugin. -->","yoast_head_json":{"title":"Museum f\u00fcr Photographie Braunschweig - Sammlung","description":"Unsere Sammlung ist im Stadtarchiv Braunschweig untergebracht und wird im Wechsel mit anderen Ausstellungen in den Torh\u00e4usern pr\u00e4sentiert.","robots":{"index":"index","follow":"follow","max-snippet":"max-snippet:-1","max-image-preview":"max-image-preview:large","max-video-preview":"max-video-preview:-1"},"canonical":"https:\/\/www.photomuseum.de\/index.php\/museum\/sammlung\/","og_locale":"de_DE","og_type":"article","og_title":"Museum f\u00fcr Photographie Braunschweig - Sammlung","og_description":"Unsere Sammlung ist im Stadtarchiv Braunschweig untergebracht und wird im Wechsel mit anderen Ausstellungen in den Torh\u00e4usern pr\u00e4sentiert.","og_url":"https:\/\/www.photomuseum.de\/index.php\/museum\/sammlung\/","og_site_name":"Museum f\u00fcr Photographie Braunschweig","article_publisher":"https:\/\/www.facebook.com\/museumfuerphotographie.bs","article_modified_time":"2026-02-20T12:54:03+00:00","og_image":[{"width":700,"height":500,"url":"https:\/\/www.photomuseum.de\/wp-content\/uploads\/2026\/02\/Sammlung-SoMe.jpg","type":"image\/jpeg"}],"twitter_card":"summary_large_image","twitter_title":"Museum f\u00fcr Photographie Braunschweig - Sammlung","twitter_image":"https:\/\/www.photomuseum.de\/wp-content\/uploads\/2026\/02\/Sammlung-SoMe.jpg","twitter_misc":{"Gesch\u00e4tzte Lesezeit":"2\u00a0Minuten"},"schema":{"@context":"https:\/\/schema.org","@graph":[{"@type":"WebPage","@id":"https:\/\/www.photomuseum.de\/index.php\/museum\/sammlung\/","url":"https:\/\/www.photomuseum.de\/index.php\/museum\/sammlung\/","name":"Museum f\u00fcr Photographie Braunschweig - Sammlung","isPartOf":{"@id":"https:\/\/www.photomuseum.de\/#website"},"datePublished":"2025-12-12T13:18:57+00:00","dateModified":"2026-02-20T12:54:03+00:00","description":"Unsere Sammlung ist im Stadtarchiv Braunschweig untergebracht und wird im Wechsel mit anderen Ausstellungen in den Torh\u00e4usern pr\u00e4sentiert.","breadcrumb":{"@id":"https:\/\/www.photomuseum.de\/index.php\/museum\/sammlung\/#breadcrumb"},"inLanguage":"de","potentialAction":[{"@type":"ReadAction","target":["https:\/\/www.photomuseum.de\/index.php\/museum\/sammlung\/"]}]},{"@type":"BreadcrumbList","@id":"https:\/\/www.photomuseum.de\/index.php\/museum\/sammlung\/#breadcrumb","itemListElement":[{"@type":"ListItem","position":1,"name":"Start","item":"https:\/\/www.photomuseum.de\/"},{"@type":"ListItem","position":2,"name":"Museum","item":"https:\/\/www.photomuseum.de\/index.php\/museum\/"},{"@type":"ListItem","position":3,"name":"Sammlung"}]},{"@type":"WebSite","@id":"https:\/\/www.photomuseum.de\/#website","url":"https:\/\/www.photomuseum.de\/","name":"Museum f\u00fcr Photographie Braunschweig","description":"","publisher":{"@id":"https:\/\/www.photomuseum.de\/#organization"},"potentialAction":[{"@type":"SearchAction","target":{"@type":"EntryPoint","urlTemplate":"https:\/\/www.photomuseum.de\/?s={search_term_string}"},"query-input":{"@type":"PropertyValueSpecification","valueRequired":true,"valueName":"search_term_string"}}],"inLanguage":"de"},{"@type":"Organization","@id":"https:\/\/www.photomuseum.de\/#organization","name":"Museum f\u00fcr Photographie Braunschweig","url":"https:\/\/www.photomuseum.de\/","logo":{"@type":"ImageObject","inLanguage":"de","@id":"https:\/\/www.photomuseum.de\/#\/schema\/logo\/image\/","url":"https:\/\/www.photomuseum.de\/wp-content\/uploads\/2026\/02\/Photomuseum-Logo.png","contentUrl":"https:\/\/www.photomuseum.de\/wp-content\/uploads\/2026\/02\/Photomuseum-Logo.png","width":2099,"height":349,"caption":"Museum f\u00fcr Photographie Braunschweig"},"image":{"@id":"https:\/\/www.photomuseum.de\/#\/schema\/logo\/image\/"},"sameAs":["https:\/\/www.facebook.com\/museumfuerphotographie.bs","https:\/\/www.instagram.com\/museumfuerphotographie_bs\/"]}]}},"_links":{"self":[{"href":"https:\/\/www.photomuseum.de\/index.php\/wp-json\/wp\/v2\/pages\/283190","targetHints":{"allow":["GET"]}}],"collection":[{"href":"https:\/\/www.photomuseum.de\/index.php\/wp-json\/wp\/v2\/pages"}],"about":[{"href":"https:\/\/www.photomuseum.de\/index.php\/wp-json\/wp\/v2\/types\/page"}],"author":[{"embeddable":true,"href":"https:\/\/www.photomuseum.de\/index.php\/wp-json\/wp\/v2\/users\/2"}],"replies":[{"embeddable":true,"href":"https:\/\/www.photomuseum.de\/index.php\/wp-json\/wp\/v2\/comments?post=283190"}],"version-history":[{"count":5,"href":"https:\/\/www.photomuseum.de\/index.php\/wp-json\/wp\/v2\/pages\/283190\/revisions"}],"predecessor-version":[{"id":284364,"href":"https:\/\/www.photomuseum.de\/index.php\/wp-json\/wp\/v2\/pages\/283190\/revisions\/284364"}],"up":[{"embeddable":true,"href":"https:\/\/www.photomuseum.de\/index.php\/wp-json\/wp\/v2\/pages\/283182"}],"wp:attachment":[{"href":"https:\/\/www.photomuseum.de\/index.php\/wp-json\/wp\/v2\/media?parent=283190"}],"curies":[{"name":"wp","href":"https:\/\/api.w.org\/{rel}","templated":true}]}}