{"id":283182,"date":"2025-12-12T14:04:54","date_gmt":"2025-12-12T13:04:54","guid":{"rendered":"https:\/\/photomuseum.gdstest.de\/?page_id=283182"},"modified":"2026-02-20T13:52:31","modified_gmt":"2026-02-20T12:52:31","slug":"museum","status":"publish","type":"page","link":"https:\/\/www.photomuseum.de\/index.php\/museum\/","title":{"rendered":"Museum"},"content":{"rendered":"<p>[et_pb_section fb_built=&#8220;1&#8243; _builder_version=&#8220;4.25.0&#8243; _module_preset=&#8220;default&#8220; global_colors_info=&#8220;{}&#8220;][et_pb_row _builder_version=&#8220;4.27.5&#8243; _module_preset=&#8220;default&#8220; custom_margin=&#8220;||40px||false|false&#8220; custom_padding=&#8220;||||false|false&#8220; global_colors_info=&#8220;{}&#8220;][et_pb_column type=&#8220;4_4&#8243; _builder_version=&#8220;4.25.0&#8243; _module_preset=&#8220;default&#8220; global_colors_info=&#8220;{}&#8220;][et_pb_text admin_label=&#8220;Das Museum f\u00fcr Photographie Braunschweig&#8220; _builder_version=&#8220;4.27.5&#8243; _module_preset=&#8220;default&#8220; header_font=&#8220;NHaasGrotest|600|||||||&#8220; header_font_size=&#8220;32px&#8220; header_line_height=&#8220;1.4em&#8220; custom_margin=&#8220;||0px||false|false&#8220; custom_padding=&#8220;||0px||false|false&#8220; global_colors_info=&#8220;{}&#8220;]<\/p>\n<h1>Das Museum f\u00fcr Photographie Braunschweig<\/h1>\n<p>[\/et_pb_text][et_pb_divider _builder_version=&#8220;4.25.0&#8243; _module_preset=&#8220;default&#8220; global_colors_info=&#8220;{}&#8220;][\/et_pb_divider][et_pb_image src=&#8220;https:\/\/www.photomuseum.de\/wp-content\/uploads\/2025\/12\/Das-Museum.jpg&#8220; alt=&#8220;Fotos: Lina-Maiken Preu\u00df&#8220; title_text=&#8220;Fotos: Lina-Maiken Preu\u00df&#8220; show_in_lightbox=&#8220;on&#8220; _builder_version=&#8220;4.27.5&#8243; _module_preset=&#8220;default&#8220; custom_margin=&#8220;||5px||false|false&#8220; custom_padding=&#8220;||0px||false|false&#8220; hover_enabled=&#8220;0&#8243; global_colors_info=&#8220;{}&#8220; sticky_enabled=&#8220;0&#8243;][\/et_pb_image][et_pb_text admin_label=&#8220;Bildunterschrift&#8220; _builder_version=&#8220;4.27.5&#8243; _module_preset=&#8220;default&#8220; text_text_color=&#8220;#000000&#8243; text_font_size=&#8220;14px&#8220; custom_margin=&#8220;0px||||false|false&#8220; custom_padding=&#8220;0px||||false|false&#8220; hover_enabled=&#8220;0&#8243; global_colors_info=&#8220;{}&#8220; text_line_height=&#8220;1.4em&#8220; sticky_enabled=&#8220;0&#8243;]<\/p>\n<p><em>Fotos: Lina-Maiken Preu\u00df<\/em><\/p>\n<p>[\/et_pb_text][et_pb_text _builder_version=&#8220;4.27.5&#8243; _module_preset=&#8220;default&#8220; text_text_color=&#8220;#000000&#8243; custom_margin=&#8220;||30px||false|false&#8220; global_colors_info=&#8220;{}&#8220;]<\/p>\n<p>Das Museum f\u00fcr Photographie Braunschweig zeigt internationale zeitgen\u00f6ssische Fotografie und pr\u00e4sentiert wichtige fotografische Positionen der zweiten H\u00e4lfte des 20. und der ersten Jahrzehnte des 21. Jahrhunderts. Innerhalb der aktuellen Debatte zum Medium werden auch junge Positionen aus Hochschulkontexten gef\u00f6rdert. Hierzu z\u00e4hlt seit mehr als zehn Jahren die Pr\u00e4sentation der \u00bbDokumentarfotografie F\u00f6rderpreise\u00ab der W\u00fcstenrot Stiftung. Als ein Ort der Debatte beleuchtet das Museum f\u00fcr Photographie die aktuellen k\u00fcnstlerischen Praktiken des Mediums aus dem Verst\u00e4ndnis der historischen, sozialen und \u00e4sthetischen Gebrauchsweisen sowie der heutigen Rolle der Fotografie in den Medien.<\/p>\n<p>Erg\u00e4nzend zu den zeitgen\u00f6ssischen Aspekten der Fotografie zeigt das Museum regelm\u00e4\u00dfig Ausstellungen und beteiligt sich an Ausstellungen zum Sammlungsbestand, der die Fotografie des 19. Jahrhunderts und Nachl\u00e4sse wie den von K\u00e4the Buchler (1876 &#8211; 1930) u.a. mit einschlie\u00dft. Zu den vom Museum gepflegten Nachl\u00e4ssen aktueller Fotografiegeschichte geh\u00f6rt u.a. der Nachlass von Nikolas Geyer (1968 \u2013 2004), der dem Museum von der Familie \u00fcbergeben wurde. Dar\u00fcber hinaus z\u00e4hlen wichtige Vertreter der internationalen Fotokunst zum Sammlungsbestand des Museums.<\/p>\n<p>Gegr\u00fcndet wurde das Museum 1984 von Braunschweiger Fotografinnen und Fotografen, die ein Forum des Austauschs \u00fcber fotografische Bilder zu etablieren suchten. Seit nun 40 Jahren war und ist die Frage nach der jeweils zeitgen\u00f6ssischen Perspektive auf Fotografie Gegenstand lebendiger Auseinandersetzung inmitten des von seinen Mitgliedern getragenen Vereins. In begleitenden Veranstaltungen wie F\u00fchrungen, K\u00fcnstlergespr\u00e4chen, Lesungen oder Filmvorf\u00fchrungen werden Aspekte der pr\u00e4sentierten Positionen vertieft und erg\u00e4nzt. Vielf\u00e4ltige Vermittlungsangebote insbesondere f\u00fcr Kinder und Schulklassen sowie Ausstellungskataloge und Jahresgaben vervollst\u00e4ndigen das Programm.<\/p>\n<p>Das Museum f\u00fcr Photographie ist ein eingetragener, gemeinn\u00fctziger Verein mit \u00fcber 160 Mitgliedern. Die vielf\u00e4ltigen Aktivit\u00e4ten werden finanziell erm\u00f6glicht durch die Unterst\u00fctzung der Stadt Braunschweig, des Landes Niedersachsen und durch die F\u00f6rderung von Kulturstiftungen und Sponsoringmitteln. Aber auch die Mitgliedsbeitr\u00e4ge, Spenden und Eintrittsgelder erm\u00f6glichen unsere Arbeit und geben dem Museum den n\u00f6tigen ideellen R\u00fcckhalt.<\/p>\n<p><strong><a href=\"https:\/\/www.photomuseum.de\/wp-content\/uploads\/2025\/12\/Chronik-Vorstand-und-Leitung_2021.pdf\" target=\"_blank\" rel=\"noopener\">Chronik des Vorstands und der Leitung<\/a><\/strong><\/p>\n<p>[\/et_pb_text][\/et_pb_column][\/et_pb_row][\/et_pb_section]<\/p>\n","protected":false},"excerpt":{"rendered":"<p>Das Museum f\u00fcr Photographie BraunschweigFotos: Lina-Maiken Preu\u00dfDas Museum f\u00fcr Photographie Braunschweig zeigt internationale zeitgen\u00f6ssische Fotografie und pr\u00e4sentiert wichtige fotografische Positionen der zweiten H\u00e4lfte des 20. und der ersten Jahrzehnte des 21. Jahrhunderts. Innerhalb der aktuellen Debatte zum Medium werden auch junge Positionen aus Hochschulkontexten gef\u00f6rdert. Hierzu z\u00e4hlt seit mehr als zehn Jahren die Pr\u00e4sentation der [&hellip;]<\/p>\n","protected":false},"author":2,"featured_media":0,"parent":0,"menu_order":6,"comment_status":"closed","ping_status":"closed","template":"","meta":{"_et_pb_use_builder":"on","_et_pb_old_content":"","_et_gb_content_width":"","footnotes":""},"class_list":["post-283182","page","type-page","status-publish","hentry"],"yoast_head":"<!-- This site is optimized with the Yoast SEO plugin v27.3 - https:\/\/yoast.com\/product\/yoast-seo-wordpress\/ -->\n<title>Museum f\u00fcr Photographie Braunschweig - Museum<\/title>\n<meta name=\"description\" content=\"Das Museum f\u00fcr Photographie Braunschweig zeigt internationale zeitgen\u00f6ssische Fotografie und pr\u00e4sentiert fotografische Positionen ...\" \/>\n<meta name=\"robots\" content=\"index, follow, max-snippet:-1, max-image-preview:large, max-video-preview:-1\" \/>\n<link rel=\"canonical\" href=\"https:\/\/www.photomuseum.de\/index.php\/museum\/\" \/>\n<meta property=\"og:locale\" content=\"de_DE\" \/>\n<meta property=\"og:type\" content=\"article\" \/>\n<meta property=\"og:title\" content=\"Museum f\u00fcr Photographie Braunschweig\" \/>\n<meta property=\"og:description\" content=\"Das Museum f\u00fcr Photographie Braunschweig zeigt internationale zeitgen\u00f6ssische Fotografie und pr\u00e4sentiert fotografische Positionen ...\" \/>\n<meta property=\"og:url\" content=\"https:\/\/www.photomuseum.de\/index.php\/museum\/\" \/>\n<meta property=\"og:site_name\" content=\"Museum f\u00fcr Photographie Braunschweig\" \/>\n<meta property=\"article:publisher\" content=\"https:\/\/www.facebook.com\/museumfuerphotographie.bs\" \/>\n<meta property=\"article:modified_time\" content=\"2026-02-20T12:52:31+00:00\" \/>\n<meta property=\"og:image\" content=\"https:\/\/www.photomuseum.de\/wp-content\/uploads\/2026\/02\/Photomuseum-SoMe.jpg\" \/>\n\t<meta property=\"og:image:width\" content=\"1080\" \/>\n\t<meta property=\"og:image:height\" content=\"560\" \/>\n\t<meta property=\"og:image:type\" content=\"image\/jpeg\" \/>\n<meta name=\"twitter:card\" content=\"summary_large_image\" \/>\n<meta name=\"twitter:title\" content=\"Museum f\u00fcr Photographie Braunschweig\" \/>\n<meta name=\"twitter:image\" content=\"https:\/\/www.photomuseum.de\/wp-content\/uploads\/2026\/02\/Photomuseum-SoMe.jpg\" \/>\n<meta name=\"twitter:label1\" content=\"Gesch\u00e4tzte Lesezeit\" \/>\n\t<meta name=\"twitter:data1\" content=\"2\u00a0Minuten\" \/>\n<script type=\"application\/ld+json\" class=\"yoast-schema-graph\">{\"@context\":\"https:\\\/\\\/schema.org\",\"@graph\":[{\"@type\":\"WebPage\",\"@id\":\"https:\\\/\\\/www.photomuseum.de\\\/index.php\\\/museum\\\/\",\"url\":\"https:\\\/\\\/www.photomuseum.de\\\/index.php\\\/museum\\\/\",\"name\":\"Museum f\u00fcr Photographie Braunschweig - Museum\",\"isPartOf\":{\"@id\":\"https:\\\/\\\/www.photomuseum.de\\\/#website\"},\"datePublished\":\"2025-12-12T13:04:54+00:00\",\"dateModified\":\"2026-02-20T12:52:31+00:00\",\"description\":\"Das Museum f\u00fcr Photographie Braunschweig zeigt internationale zeitgen\u00f6ssische Fotografie und pr\u00e4sentiert fotografische Positionen ...\",\"breadcrumb\":{\"@id\":\"https:\\\/\\\/www.photomuseum.de\\\/index.php\\\/museum\\\/#breadcrumb\"},\"inLanguage\":\"de\",\"potentialAction\":[{\"@type\":\"ReadAction\",\"target\":[\"https:\\\/\\\/www.photomuseum.de\\\/index.php\\\/museum\\\/\"]}]},{\"@type\":\"BreadcrumbList\",\"@id\":\"https:\\\/\\\/www.photomuseum.de\\\/index.php\\\/museum\\\/#breadcrumb\",\"itemListElement\":[{\"@type\":\"ListItem\",\"position\":1,\"name\":\"Start\",\"item\":\"https:\\\/\\\/www.photomuseum.de\\\/\"},{\"@type\":\"ListItem\",\"position\":2,\"name\":\"Museum\"}]},{\"@type\":\"WebSite\",\"@id\":\"https:\\\/\\\/www.photomuseum.de\\\/#website\",\"url\":\"https:\\\/\\\/www.photomuseum.de\\\/\",\"name\":\"Museum f\u00fcr Photographie Braunschweig\",\"description\":\"\",\"publisher\":{\"@id\":\"https:\\\/\\\/www.photomuseum.de\\\/#organization\"},\"potentialAction\":[{\"@type\":\"SearchAction\",\"target\":{\"@type\":\"EntryPoint\",\"urlTemplate\":\"https:\\\/\\\/www.photomuseum.de\\\/?s={search_term_string}\"},\"query-input\":{\"@type\":\"PropertyValueSpecification\",\"valueRequired\":true,\"valueName\":\"search_term_string\"}}],\"inLanguage\":\"de\"},{\"@type\":\"Organization\",\"@id\":\"https:\\\/\\\/www.photomuseum.de\\\/#organization\",\"name\":\"Museum f\u00fcr Photographie Braunschweig\",\"url\":\"https:\\\/\\\/www.photomuseum.de\\\/\",\"logo\":{\"@type\":\"ImageObject\",\"inLanguage\":\"de\",\"@id\":\"https:\\\/\\\/www.photomuseum.de\\\/#\\\/schema\\\/logo\\\/image\\\/\",\"url\":\"https:\\\/\\\/www.photomuseum.de\\\/wp-content\\\/uploads\\\/2026\\\/02\\\/Photomuseum-Logo.png\",\"contentUrl\":\"https:\\\/\\\/www.photomuseum.de\\\/wp-content\\\/uploads\\\/2026\\\/02\\\/Photomuseum-Logo.png\",\"width\":2099,\"height\":349,\"caption\":\"Museum f\u00fcr Photographie Braunschweig\"},\"image\":{\"@id\":\"https:\\\/\\\/www.photomuseum.de\\\/#\\\/schema\\\/logo\\\/image\\\/\"},\"sameAs\":[\"https:\\\/\\\/www.facebook.com\\\/museumfuerphotographie.bs\",\"https:\\\/\\\/www.instagram.com\\\/museumfuerphotographie_bs\\\/\"]}]}<\/script>\n<!-- \/ Yoast SEO plugin. -->","yoast_head_json":{"title":"Museum f\u00fcr Photographie Braunschweig - Museum","description":"Das Museum f\u00fcr Photographie Braunschweig zeigt internationale zeitgen\u00f6ssische Fotografie und pr\u00e4sentiert fotografische Positionen ...","robots":{"index":"index","follow":"follow","max-snippet":"max-snippet:-1","max-image-preview":"max-image-preview:large","max-video-preview":"max-video-preview:-1"},"canonical":"https:\/\/www.photomuseum.de\/index.php\/museum\/","og_locale":"de_DE","og_type":"article","og_title":"Museum f\u00fcr Photographie Braunschweig","og_description":"Das Museum f\u00fcr Photographie Braunschweig zeigt internationale zeitgen\u00f6ssische Fotografie und pr\u00e4sentiert fotografische Positionen ...","og_url":"https:\/\/www.photomuseum.de\/index.php\/museum\/","og_site_name":"Museum f\u00fcr Photographie Braunschweig","article_publisher":"https:\/\/www.facebook.com\/museumfuerphotographie.bs","article_modified_time":"2026-02-20T12:52:31+00:00","og_image":[{"width":1080,"height":560,"url":"https:\/\/www.photomuseum.de\/wp-content\/uploads\/2026\/02\/Photomuseum-SoMe.jpg","type":"image\/jpeg"}],"twitter_card":"summary_large_image","twitter_title":"Museum f\u00fcr Photographie Braunschweig","twitter_image":"https:\/\/www.photomuseum.de\/wp-content\/uploads\/2026\/02\/Photomuseum-SoMe.jpg","twitter_misc":{"Gesch\u00e4tzte Lesezeit":"2\u00a0Minuten"},"schema":{"@context":"https:\/\/schema.org","@graph":[{"@type":"WebPage","@id":"https:\/\/www.photomuseum.de\/index.php\/museum\/","url":"https:\/\/www.photomuseum.de\/index.php\/museum\/","name":"Museum f\u00fcr Photographie Braunschweig - Museum","isPartOf":{"@id":"https:\/\/www.photomuseum.de\/#website"},"datePublished":"2025-12-12T13:04:54+00:00","dateModified":"2026-02-20T12:52:31+00:00","description":"Das Museum f\u00fcr Photographie Braunschweig zeigt internationale zeitgen\u00f6ssische Fotografie und pr\u00e4sentiert fotografische Positionen ...","breadcrumb":{"@id":"https:\/\/www.photomuseum.de\/index.php\/museum\/#breadcrumb"},"inLanguage":"de","potentialAction":[{"@type":"ReadAction","target":["https:\/\/www.photomuseum.de\/index.php\/museum\/"]}]},{"@type":"BreadcrumbList","@id":"https:\/\/www.photomuseum.de\/index.php\/museum\/#breadcrumb","itemListElement":[{"@type":"ListItem","position":1,"name":"Start","item":"https:\/\/www.photomuseum.de\/"},{"@type":"ListItem","position":2,"name":"Museum"}]},{"@type":"WebSite","@id":"https:\/\/www.photomuseum.de\/#website","url":"https:\/\/www.photomuseum.de\/","name":"Museum f\u00fcr Photographie Braunschweig","description":"","publisher":{"@id":"https:\/\/www.photomuseum.de\/#organization"},"potentialAction":[{"@type":"SearchAction","target":{"@type":"EntryPoint","urlTemplate":"https:\/\/www.photomuseum.de\/?s={search_term_string}"},"query-input":{"@type":"PropertyValueSpecification","valueRequired":true,"valueName":"search_term_string"}}],"inLanguage":"de"},{"@type":"Organization","@id":"https:\/\/www.photomuseum.de\/#organization","name":"Museum f\u00fcr Photographie Braunschweig","url":"https:\/\/www.photomuseum.de\/","logo":{"@type":"ImageObject","inLanguage":"de","@id":"https:\/\/www.photomuseum.de\/#\/schema\/logo\/image\/","url":"https:\/\/www.photomuseum.de\/wp-content\/uploads\/2026\/02\/Photomuseum-Logo.png","contentUrl":"https:\/\/www.photomuseum.de\/wp-content\/uploads\/2026\/02\/Photomuseum-Logo.png","width":2099,"height":349,"caption":"Museum f\u00fcr Photographie Braunschweig"},"image":{"@id":"https:\/\/www.photomuseum.de\/#\/schema\/logo\/image\/"},"sameAs":["https:\/\/www.facebook.com\/museumfuerphotographie.bs","https:\/\/www.instagram.com\/museumfuerphotographie_bs\/"]}]}},"_links":{"self":[{"href":"https:\/\/www.photomuseum.de\/index.php\/wp-json\/wp\/v2\/pages\/283182","targetHints":{"allow":["GET"]}}],"collection":[{"href":"https:\/\/www.photomuseum.de\/index.php\/wp-json\/wp\/v2\/pages"}],"about":[{"href":"https:\/\/www.photomuseum.de\/index.php\/wp-json\/wp\/v2\/types\/page"}],"author":[{"embeddable":true,"href":"https:\/\/www.photomuseum.de\/index.php\/wp-json\/wp\/v2\/users\/2"}],"replies":[{"embeddable":true,"href":"https:\/\/www.photomuseum.de\/index.php\/wp-json\/wp\/v2\/comments?post=283182"}],"version-history":[{"count":6,"href":"https:\/\/www.photomuseum.de\/index.php\/wp-json\/wp\/v2\/pages\/283182\/revisions"}],"predecessor-version":[{"id":284361,"href":"https:\/\/www.photomuseum.de\/index.php\/wp-json\/wp\/v2\/pages\/283182\/revisions\/284361"}],"wp:attachment":[{"href":"https:\/\/www.photomuseum.de\/index.php\/wp-json\/wp\/v2\/media?parent=283182"}],"curies":[{"name":"wp","href":"https:\/\/api.w.org\/{rel}","templated":true}]}}