{"id":283027,"date":"2025-12-12T13:19:14","date_gmt":"2025-12-12T12:19:14","guid":{"rendered":"https:\/\/photomuseum.gdstest.de\/?page_id=283027"},"modified":"2026-04-07T15:44:51","modified_gmt":"2026-04-07T13:44:51","slug":"vermittlung","status":"publish","type":"page","link":"https:\/\/www.photomuseum.de\/index.php\/vermittlung\/","title":{"rendered":"Vermittlung"},"content":{"rendered":"<p>[et_pb_section fb_built=&#8220;1&#8243; _builder_version=&#8220;4.25.0&#8243; _module_preset=&#8220;default&#8220; global_colors_info=&#8220;{}&#8220;][et_pb_row _builder_version=&#8220;4.27.6&#8243; _module_preset=&#8220;default&#8220; custom_margin=&#8220;||0px||false|false&#8220; custom_padding=&#8220;||0px||false|false&#8220; collapsed=&#8220;off&#8220; global_colors_info=&#8220;{}&#8220;][et_pb_column type=&#8220;4_4&#8243; _builder_version=&#8220;4.25.0&#8243; _module_preset=&#8220;default&#8220; global_colors_info=&#8220;{}&#8220;][et_pb_text admin_label=&#8220;Vermittlungsangebote&#8220; _builder_version=&#8220;4.27.6&#8243; _module_preset=&#8220;default&#8220; header_font=&#8220;NHaasGrotest|600|||||||&#8220; header_font_size=&#8220;32px&#8220; header_line_height=&#8220;1.4em&#8220; custom_margin=&#8220;||0px||false|false&#8220; custom_padding=&#8220;||0px||false|false&#8220; global_colors_info=&#8220;{}&#8220;]<\/p>\n<h1>Vermittlungsangebote<\/h1>\n<p>[\/et_pb_text][et_pb_divider _builder_version=&#8220;4.27.6&#8243; _module_preset=&#8220;default&#8220; global_colors_info=&#8220;{}&#8220;][\/et_pb_divider][\/et_pb_column][\/et_pb_row][et_pb_row column_structure=&#8220;1_3,1_3,1_3&#8243; _builder_version=&#8220;4.27.6&#8243; _module_preset=&#8220;default&#8220; custom_margin=&#8220;||0px||false|false&#8220; global_colors_info=&#8220;{}&#8220;][et_pb_column type=&#8220;1_3&#8243; _builder_version=&#8220;4.27.6&#8243; _module_preset=&#8220;default&#8220; global_colors_info=&#8220;{}&#8220;][et_pb_image src=&#8220;https:\/\/www.photomuseum.de\/wp-content\/uploads\/2026\/03\/Vermittlung-1.jpg&#8220; alt=&#8220;Schulworkshop zur Ausstellung Jitka Hanzlova\u0301, Foto-Workshop f\u00fcr Kids&#8220; title_text=&#8220;Schulworkshop zur Ausstellung Jitka Hanzlova\u0301, Foto-Workshop f\u00fcr Kids&#8220; show_in_lightbox=&#8220;on&#8220; _builder_version=&#8220;4.27.6&#8243; _module_preset=&#8220;default&#8220; global_colors_info=&#8220;{}&#8220;][\/et_pb_image][\/et_pb_column][et_pb_column type=&#8220;1_3&#8243; _builder_version=&#8220;4.27.6&#8243; _module_preset=&#8220;default&#8220; global_colors_info=&#8220;{}&#8220;][et_pb_image src=&#8220;https:\/\/www.photomuseum.de\/wp-content\/uploads\/2026\/03\/Vermittlung-2.jpg&#8220; alt=&#8220;Schulworkshop zur Ausstellung Jitka Hanzlova\u0301, Foto-Workshop f\u00fcr Kids&#8220; title_text=&#8220;Schulworkshop zur Ausstellung Jitka Hanzlova\u0301, Foto-Workshop f\u00fcr Kids&#8220; show_in_lightbox=&#8220;on&#8220; _builder_version=&#8220;4.27.6&#8243; _module_preset=&#8220;default&#8220; global_colors_info=&#8220;{}&#8220;][\/et_pb_image][\/et_pb_column][et_pb_column type=&#8220;1_3&#8243; _builder_version=&#8220;4.27.6&#8243; _module_preset=&#8220;default&#8220; global_colors_info=&#8220;{}&#8220;][et_pb_image src=&#8220;https:\/\/www.photomuseum.de\/wp-content\/uploads\/2026\/03\/Vermittlung-3.jpg&#8220; alt=&#8220;Schulworkshop zur Ausstellung Jitka Hanzlova\u0301, Foto-Workshop f\u00fcr Kids&#8220; title_text=&#8220;Schulworkshop zur Ausstellung Jitka Hanzlova\u0301, Foto-Workshop f\u00fcr Kids&#8220; show_in_lightbox=&#8220;on&#8220; _builder_version=&#8220;4.27.6&#8243; _module_preset=&#8220;default&#8220; global_colors_info=&#8220;{}&#8220;][\/et_pb_image][\/et_pb_column][\/et_pb_row][et_pb_row _builder_version=&#8220;4.27.6&#8243; _module_preset=&#8220;default&#8220; custom_margin=&#8220;0px||||false|false&#8220; custom_padding=&#8220;0px||||false|false&#8220; global_colors_info=&#8220;{}&#8220;][et_pb_column type=&#8220;4_4&#8243; _builder_version=&#8220;4.27.6&#8243; _module_preset=&#8220;default&#8220; global_colors_info=&#8220;{}&#8220;][et_pb_text admin_label=&#8220;Bildunterschrift&#8220; _builder_version=&#8220;4.27.6&#8243; _module_preset=&#8220;default&#8220; text_text_color=&#8220;#000000&#8243; text_font_size=&#8220;14px&#8220; text_line_height=&#8220;1.4em&#8220; custom_margin=&#8220;0px||||false|false&#8220; custom_padding=&#8220;0px||||false|false&#8220; global_colors_info=&#8220;{}&#8220;]<\/p>\n<p><em>Schulworkshop zur Ausstellung Jitka Hanzlova\u0301, Foto-Workshop f\u00fcr Kids<\/em><\/p>\n<p>[\/et_pb_text][et_pb_text admin_label=&#8220;Text&#8220; _builder_version=&#8220;4.27.6&#8243; _module_preset=&#8220;default&#8220; text_text_color=&#8220;#000000&#8243; custom_margin=&#8220;||30px||false|false&#8220; global_colors_info=&#8220;{}&#8220;]<\/p>\n<p>Das Museum f\u00fcr Photographie Braunschweig versteht sich als Ort des Dialogs. Zu unseren Ausstellungen bieten wir begleitend ein umfangreiches Vermittlungsprogramm an. Mit Artist Talks, Kurator:innen- und Familienf\u00fchrungen, Workshops, dialogischen F\u00fchrungen f\u00fcr Schulklassen und vielem mehr <br \/>gestalten wir eine Plattform des Austausches f\u00fcr Besucher:innen aller Altersgruppen.<\/p>\n<p>[\/et_pb_text][et_pb_toggle title=&#8220;f\u00fcr Kinder und Familien&#8220; open_toggle_text_color=&#8220;#000000&#8243; open_toggle_background_color=&#8220;#eeeeee&#8220; closed_toggle_background_color=&#8220;#eeeeee&#8220; icon_color=&#8220;#E09900&#8243; toggle_icon=&#8220;&#xe03a;||divi||400&#8243; open_icon_color=&#8220;#E09900&#8243; open_toggle_icon=&#8220;&#xe039;||divi||400&#8243; admin_label=&#8220;Vermittlungsangebote f\u00fcr Kinder und Familien&#8220; _builder_version=&#8220;4.27.6&#8243; _module_preset=&#8220;default&#8220; title_text_color=&#8220;#000000&#8243; title_font=&#8220;|||on|||||&#8220; title_font_size=&#8220;20px&#8220; closed_title_font=&#8220;|||on|||||&#8220; closed_title_font_size=&#8220;20px&#8220; global_colors_info=&#8220;{}&#8220;]<\/p>\n<p><strong>Foto-Workshop f\u00fcr Kids<\/strong><br \/>Hier im Museum dreht sich alles um die Fotografie \u2013 um spannende Geschichten und interessante Techniken, die du selbst ausprobieren kannst. <br \/>Im Foto-Workshop gehen wir gemeinsam auf eine Entdeckungsreise durch das Museum, um anschlie\u00dfend selbst kreativ zu werden. <br \/>Zusammen mit Kunstvermittler:innen k\u00f6nnt ihr verschiedene Materialien ausprobieren und herausfinden, was das Besondere an der Fotografie ist.<br \/>Bitte mitbringen: Digitalkamera oder Smartphone. Kinder, die keine Kamera haben, k\u00f6nnen mit einer Museumskamera arbeiten.<br \/>F\u00fcr Kinder von 6 &#8211; 10 Jahren, einmal pro Ausstellung, samstags<br \/>N\u00e4chster Termin: 30. Mai, 11 Uhr<br \/>Kosten: 10 \u20ac<\/p>\n<p><strong>FiBS \u2013 Ferien in Braunschweig<\/strong><br \/>In den Oster-, Sommer- und Herbstferien findet im Museum jeweils ein Ferienworkshop rund um die Fotografie statt.<br \/>Das Thema und das Teilnahmealter variieren je nach aktueller Ausstellung.<br \/>Alter: 8 &#8211; 12 Jahre<br \/>Kosten: 10 \u20ac<\/p>\n<p><strong>Familienf\u00fchrung<\/strong><br \/>Einmal pro Ausstellung bieten wir eine F\u00fchrung f\u00fcr Familien an. Kinder mit ihren Eltern, Freunden oder Verwandten sind herzlich eingeladen, <br \/>mit uns die aktuelle Ausstellung zu erkunden.<br \/>N\u00e4chster Termin: 29. Mai, 15 Uhr<br \/>Kosten: Der Eintritt ist frei! Eine vorherige Anmeldung ist nicht erforderlich.<\/p>\n<p><strong>Kindergeburtstag<\/strong><br \/>Feiert doch mal im Museum! Ein Thema f\u00fcr den Foto-Workshop kann vorab gemeinsam abgesprochen werden.<br \/>Kosten: 80 \u20ac<\/p>\n<p>Information &amp; Anmeldung: Pauline Behrmann, vermittlung[at]photomuseum.de, Tel. 0531 75000<\/p>\n<p>[\/et_pb_toggle][et_pb_toggle title=&#8220;f\u00fcr Schulen und kitas&#8220; open_toggle_text_color=&#8220;#000000&#8243; open_toggle_background_color=&#8220;#eeeeee&#8220; closed_toggle_background_color=&#8220;#eeeeee&#8220; icon_color=&#8220;#E09900&#8243; toggle_icon=&#8220;&#xe03a;||divi||400&#8243; open_icon_color=&#8220;#E09900&#8243; open_toggle_icon=&#8220;&#xe039;||divi||400&#8243; admin_label=&#8220;Vermittlungsangebote f\u00fcr Schulen \/ Gruppen und Erwachsene&#8220; _builder_version=&#8220;4.27.6&#8243; _module_preset=&#8220;default&#8220; title_text_color=&#8220;#000000&#8243; title_font=&#8220;|||on|||||&#8220; title_font_size=&#8220;20px&#8220; closed_title_font=&#8220;|||on|||||&#8220; closed_title_font_size=&#8220;20px&#8220; global_colors_info=&#8220;{}&#8220;]<\/p>\n<p><strong>Workshops<\/strong><br \/>Wir bieten individuell abgestimmte Workshops f\u00fcr Schulklassen, Kitas und Kunstkurse an. Im Vordergrund steht dabei nicht die frontale Wissensvermittlung, sondern eine sinnlich-anschauliche Einf\u00fchrung in die individuelle k\u00fcnstlerische Bildsprache im Dialog mit unseren Kunstvermittler:innen. In unseren Workshops wollen wir neben einem Blick auf das jeweilige Werk eigene kreative Potenziale f\u00f6rdern und unsere Teilnehmer:innen mit ihrer Perspektive einbeziehen \u2013 denn gerade die zeitgen\u00f6ssische Fotografie behandelt Inhalte, die oftmals in enger Beziehung zu unseren eigenen sozialen und kulturellen Erfahrungen stehen. <br \/>Wir freuen uns auf euren Besuch!<br \/>F\u00fchrungen und Workshops sind auch au\u00dferhalb der regul\u00e4ren \u00d6ffnungszeiten m\u00f6glich.<br \/>Preise pro Stunde:<br \/>Schulworkshop: 45 \u20ac + Eintritt (Sch\u00fcler:innen 1 \u20ac, Lehrer:innen frei)<br \/>Kita-Workshop: 30 \u20ac (inkl. Eintritt)<\/p>\n<p><strong>F\u00fchrungen<\/strong><br \/>Mit unserer Kurzf\u00fchrung k\u00f6nnt Ihr ideal eine Unterrichtsstunde gestalten. Die F\u00fchrungen sind als Ausstellungsgespr\u00e4che angelegt und erm\u00f6glichen eine gezielte Auseinandersetzung mit den Ausstellungsinhalten. Nach vorheriger Absprache kann sich die F\u00fchrung mit einem Themenschwerpunkt der Ausstellung besch\u00e4ftigen oder als \u00dcberblicksf\u00fchrung gestaltet werden.<br \/>Dauer: ca. 45 Min. \/ Kosten: 45 \u20ac + Eintritt (Sch\u00fcler:innen 1 \u20ac, Lehrer:innen frei)<br \/>F\u00fchrungen sind auch au\u00dferhalb der regul\u00e4ren \u00d6ffnungszeiten m\u00f6glich.<\/p>\n<p>Information &amp; Anmeldung: Pauline Behrmann, vermittlung[at]photomuseum.de, Tel. 0531 75000<\/p>\n<p>[\/et_pb_toggle][et_pb_toggle title=&#8220;f\u00fcr Erwachsene&#8220; open_toggle_text_color=&#8220;#000000&#8243; open_toggle_background_color=&#8220;#eeeeee&#8220; closed_toggle_background_color=&#8220;#eeeeee&#8220; icon_color=&#8220;#E09900&#8243; toggle_icon=&#8220;&#xe03a;||divi||400&#8243; open_icon_color=&#8220;#E09900&#8243; open_toggle_icon=&#8220;&#xe039;||divi||400&#8243; admin_label=&#8220;Vermittlungsangebote f\u00fcr Schulen \/ Gruppen und Erwachsene&#8220; _builder_version=&#8220;4.27.6&#8243; _module_preset=&#8220;default&#8220; title_text_color=&#8220;#000000&#8243; title_font=&#8220;|||on|||||&#8220; title_font_size=&#8220;20px&#8220; closed_title_font=&#8220;|||on|||||&#8220; closed_title_font_size=&#8220;20px&#8220; global_colors_info=&#8220;{}&#8220;]<\/p>\n<p><strong>F\u00fchrungen und Workshops<\/strong><br \/>Wir bieten individuell abgestimmte F\u00fchrungen und Workshops f\u00fcr Studierende, Erwachsene und Senior:innen an.<br \/>Zeitgen\u00f6ssische Fotografie wird im direkten Kontakt mit den Kunstwerken vermittelt und erfahrbar gemacht.<br \/>Eine Veranstaltung ist auch au\u00dferhalb der regul\u00e4ren \u00d6ffnungszeiten m\u00f6glich.<br \/>Preise pro Stunde:<br \/>Erwachsenenf\u00fchrungen bis 15 Personen: 45 \u20ac + 3 \u20ac (reduzierter Eintritt) pro Person<br \/>Ab 15 Personen: 90 \u20ac + 3 \u20ac (reduzierter Eintritt) pro Person<\/p>\n<p><strong>F\u00fchrungen f\u00fcr Firmen<\/strong><br \/>Das Museum bietet private F\u00fchrungen f\u00fcr Firmengruppen zum Sonderpreis an. F\u00fcr Unternehmen mit Standort in Braunschweig oder Umgebung <br \/>sind wir ein interessantes Ziel f\u00fcr interne Veranstaltungen und f\u00fcr G\u00e4ste, Kunden und Partner mit kulturellem Anspruch. <br \/>Gerne lassen wir Ihnen Informationsmaterial zu aktuellen Ausstellungen zukommen.<br \/>Gruppenpreis: 80 \u20ac<\/p>\n<p><strong>Jour fixe<\/strong><br \/>In diesem Format dreht sich alles um Gespr\u00e4che und Gedanken zur Fotografie. Der Jour fixe bietet f\u00fcr alle Mitglieder:innen und Interessierte <br \/>eine Plattform zum Austausch \u00fcber Fotografie und besondere Themen. Die Veranstaltungsreihe findet regelm\u00e4\u00dfig alle 1 &#8211; 2 Monate statt.<br \/>Eintritt: 5 \u20ac, f\u00fcr Mitglieder des Museumsvereins frei<\/p>\n<p><strong>Happy Thursday<\/strong><br \/>An jedem ersten Donnerstag im Monat bietet das Museum f\u00fcr Photographie freien Eintritt und verl\u00e4ngerte \u00d6ffnungszeiten bis 20 Uhr. <br \/>Zus\u00e4tzlich findet um 18 Uhr eine F\u00fchrung durch die aktuelle Ausstellung in entspannter After-Work-Atmosph\u00e4re statt.<br \/>Eintritt frei!<\/p>\n<p>Information &amp; Anmeldung: Pauline Behrmann, vermittlung[at]photomuseum.de, Tel. 0531 75000<\/p>\n<p>[\/et_pb_toggle][et_pb_toggle title=&#8220;Digitale Vermittlungsangebote&#8220; open_toggle_text_color=&#8220;#000000&#8243; open_toggle_background_color=&#8220;#eeeeee&#8220; closed_toggle_background_color=&#8220;#eeeeee&#8220; icon_color=&#8220;#E09900&#8243; toggle_icon=&#8220;&#xe03a;||divi||400&#8243; open_icon_color=&#8220;#E09900&#8243; open_toggle_icon=&#8220;&#xe039;||divi||400&#8243; admin_label=&#8220;Digitale Vermittlungsangebote&#8220; _builder_version=&#8220;4.27.6&#8243; _module_preset=&#8220;default&#8220; title_text_color=&#8220;#000000&#8243; title_font=&#8220;|||on|||||&#8220; title_font_size=&#8220;20px&#8220; closed_title_font=&#8220;|||on|||||&#8220; closed_title_font_size=&#8220;20px&#8220; hover_enabled=&#8220;0&#8243; global_colors_info=&#8220;{}&#8220; sticky_enabled=&#8220;0&#8243;]<\/p>\n<p><strong>Digitales Vermittlungsprojekt \u00bbAbenteuer Fotografie\u00ab<\/strong><br \/>Hier gibt es den <a href=\"https:\/\/www.photomuseum.de\/wp-content\/uploads\/2026\/03\/20200925_Bastelbogen_Torhaus_Druck.pdf\" target=\"_blank\" rel=\"noopener\">BASTELBOGEN<\/a> vom Museum f\u00fcr Photographie, das <a href=\"https:\/\/www.photomuseum.de\/wp-content\/uploads\/2026\/03\/20201031_Fotopraxis-Poster.pdf\" target=\"_blank\" rel=\"noopener\">FALTPOSTER<\/a> zur Fotopraxis mit Aufgaben und R\u00e4tseln und das Heft <a href=\"https:\/\/www.photomuseum.de\/wp-content\/uploads\/2026\/03\/202100815_Fototheorie-zumAusdruckenBasteln.pdf\" target=\"_blank\" rel=\"noopener\">FOTOGRAFIE F\u00dcR KIDS ERKL\u00c4RT<\/a> zum Download und Ausdrucken f\u00fcr Zuhause. Die Bastelanleitungen findet ihr in der Datei!<\/p>\n<p><strong>Angebot f\u00fcr Schulen und andere Bildungsinstitutionen<\/strong><br \/>Auf Anfrage bieten wir digitale Live-F\u00fchrungen an.\u00a0Es besteht die M\u00f6glichkeit, individuelle W\u00fcnsche und Lehrinhalte im Vorhinein gemeinsam zu besprechen.<\/p>\n<p>[\/et_pb_toggle][et_pb_text admin_label=&#8220;Text&#8220; _builder_version=&#8220;4.27.6&#8243; _module_preset=&#8220;default&#8220; text_text_color=&#8220;#000000&#8243; global_colors_info=&#8220;{}&#8220;]<\/p>\n<p>Unsere aktuellen Veranstaltungen finden Sie <a href=\"https:\/\/www.photomuseum.de\/index.php\/veranstaltungen\/\">hier<\/a>.<\/p>\n<p>Kontakt: Pauline Behrmann, vermittlung [at] photomuseum.de oder Tel. 0531 75000<\/p>\n<p>[\/et_pb_text][\/et_pb_column][\/et_pb_row][et_pb_row admin_label=&#8220;Abstandhalter&#8220; _builder_version=&#8220;4.27.5&#8243; _module_preset=&#8220;default&#8220; global_colors_info=&#8220;{}&#8220;][et_pb_column type=&#8220;4_4&#8243; _builder_version=&#8220;4.27.5&#8243; _module_preset=&#8220;default&#8220; global_colors_info=&#8220;{}&#8220;][et_pb_text admin_label=&#8220;Abstand 30px&#8220; _builder_version=&#8220;4.27.5&#8243; _module_preset=&#8220;default&#8220; custom_margin=&#8220;30px||||false|false&#8220; global_colors_info=&#8220;{}&#8220;][\/et_pb_text][\/et_pb_column][\/et_pb_row][\/et_pb_section]<\/p>\n","protected":false},"excerpt":{"rendered":"<p>VermittlungsangeboteSchulworkshop zur Ausstellung Jitka Hanzlova\u0301, Foto-Workshop f\u00fcr KidsDas Museum f\u00fcr Photographie Braunschweig versteht sich als Ort des Dialogs. Zu unseren Ausstellungen bieten wir begleitend ein umfangreiches Vermittlungsprogramm an. Mit Artist Talks, Kurator:innen- und Familienf\u00fchrungen, Workshops, dialogischen F\u00fchrungen f\u00fcr Schulklassen und vielem mehr gestalten wir eine Plattform des Austausches f\u00fcr Besucher:innen aller Altersgruppen.Foto-Workshop f\u00fcr KidsHier im [&hellip;]<\/p>\n","protected":false},"author":2,"featured_media":0,"parent":0,"menu_order":4,"comment_status":"closed","ping_status":"closed","template":"","meta":{"_et_pb_use_builder":"on","_et_pb_old_content":"","_et_gb_content_width":"","footnotes":""},"class_list":["post-283027","page","type-page","status-publish","hentry"],"yoast_head":"<!-- This site is optimized with the Yoast SEO plugin v27.3 - https:\/\/yoast.com\/product\/yoast-seo-wordpress\/ -->\n<title>Museum f\u00fcr Photographie Braunschweig - Vermittlung<\/title>\n<meta name=\"description\" content=\"Mit Rundg\u00e4ngen, F\u00fchrungen, Workshops u.v.m. bieten wir eine Plattform des Austausches f\u00fcr Besucherinnen und Besucher aller Altersgruppen.\" \/>\n<meta name=\"robots\" content=\"index, follow, max-snippet:-1, max-image-preview:large, max-video-preview:-1\" \/>\n<link rel=\"canonical\" href=\"https:\/\/www.photomuseum.de\/index.php\/vermittlung\/\" \/>\n<meta property=\"og:locale\" content=\"de_DE\" \/>\n<meta property=\"og:type\" content=\"article\" \/>\n<meta property=\"og:title\" content=\"Museum f\u00fcr Photographie Braunschweig - Vermittlung\" \/>\n<meta property=\"og:description\" content=\"Mit Rundg\u00e4ngen, F\u00fchrungen, Workshops u.v.m. bieten wir eine Plattform des Austausches f\u00fcr Besucherinnen und Besucher aller Altersgruppen.\" \/>\n<meta property=\"og:url\" content=\"https:\/\/www.photomuseum.de\/index.php\/vermittlung\/\" \/>\n<meta property=\"og:site_name\" content=\"Museum f\u00fcr Photographie Braunschweig\" \/>\n<meta property=\"article:publisher\" content=\"https:\/\/www.facebook.com\/museumfuerphotographie.bs\" \/>\n<meta property=\"article:modified_time\" content=\"2026-04-07T13:44:51+00:00\" \/>\n<meta property=\"og:image\" content=\"https:\/\/www.photomuseum.de\/wp-content\/uploads\/2026\/02\/Vermittlung-SoMe.jpg\" \/>\n\t<meta property=\"og:image:width\" content=\"700\" \/>\n\t<meta property=\"og:image:height\" content=\"500\" \/>\n\t<meta property=\"og:image:type\" content=\"image\/jpeg\" \/>\n<meta name=\"twitter:card\" content=\"summary_large_image\" \/>\n<meta name=\"twitter:title\" content=\"Museum f\u00fcr Photographie Braunschweig - Vermittlung\" \/>\n<meta name=\"twitter:image\" content=\"https:\/\/www.photomuseum.de\/wp-content\/uploads\/2026\/02\/Vermittlung-SoMe.jpg\" \/>\n<meta name=\"twitter:label1\" content=\"Gesch\u00e4tzte Lesezeit\" \/>\n\t<meta name=\"twitter:data1\" content=\"5\u00a0Minuten\" \/>\n<script type=\"application\/ld+json\" class=\"yoast-schema-graph\">{\"@context\":\"https:\\\/\\\/schema.org\",\"@graph\":[{\"@type\":\"WebPage\",\"@id\":\"https:\\\/\\\/www.photomuseum.de\\\/index.php\\\/vermittlung\\\/\",\"url\":\"https:\\\/\\\/www.photomuseum.de\\\/index.php\\\/vermittlung\\\/\",\"name\":\"Museum f\u00fcr Photographie Braunschweig - Vermittlung\",\"isPartOf\":{\"@id\":\"https:\\\/\\\/www.photomuseum.de\\\/#website\"},\"datePublished\":\"2025-12-12T12:19:14+00:00\",\"dateModified\":\"2026-04-07T13:44:51+00:00\",\"description\":\"Mit Rundg\u00e4ngen, F\u00fchrungen, Workshops u.v.m. bieten wir eine Plattform des Austausches f\u00fcr Besucherinnen und Besucher aller Altersgruppen.\",\"breadcrumb\":{\"@id\":\"https:\\\/\\\/www.photomuseum.de\\\/index.php\\\/vermittlung\\\/#breadcrumb\"},\"inLanguage\":\"de\",\"potentialAction\":[{\"@type\":\"ReadAction\",\"target\":[\"https:\\\/\\\/www.photomuseum.de\\\/index.php\\\/vermittlung\\\/\"]}]},{\"@type\":\"BreadcrumbList\",\"@id\":\"https:\\\/\\\/www.photomuseum.de\\\/index.php\\\/vermittlung\\\/#breadcrumb\",\"itemListElement\":[{\"@type\":\"ListItem\",\"position\":1,\"name\":\"Start\",\"item\":\"https:\\\/\\\/www.photomuseum.de\\\/\"},{\"@type\":\"ListItem\",\"position\":2,\"name\":\"Vermittlung\"}]},{\"@type\":\"WebSite\",\"@id\":\"https:\\\/\\\/www.photomuseum.de\\\/#website\",\"url\":\"https:\\\/\\\/www.photomuseum.de\\\/\",\"name\":\"Museum f\u00fcr Photographie Braunschweig\",\"description\":\"\",\"publisher\":{\"@id\":\"https:\\\/\\\/www.photomuseum.de\\\/#organization\"},\"potentialAction\":[{\"@type\":\"SearchAction\",\"target\":{\"@type\":\"EntryPoint\",\"urlTemplate\":\"https:\\\/\\\/www.photomuseum.de\\\/?s={search_term_string}\"},\"query-input\":{\"@type\":\"PropertyValueSpecification\",\"valueRequired\":true,\"valueName\":\"search_term_string\"}}],\"inLanguage\":\"de\"},{\"@type\":\"Organization\",\"@id\":\"https:\\\/\\\/www.photomuseum.de\\\/#organization\",\"name\":\"Museum f\u00fcr Photographie Braunschweig\",\"url\":\"https:\\\/\\\/www.photomuseum.de\\\/\",\"logo\":{\"@type\":\"ImageObject\",\"inLanguage\":\"de\",\"@id\":\"https:\\\/\\\/www.photomuseum.de\\\/#\\\/schema\\\/logo\\\/image\\\/\",\"url\":\"https:\\\/\\\/www.photomuseum.de\\\/wp-content\\\/uploads\\\/2026\\\/02\\\/Photomuseum-Logo.png\",\"contentUrl\":\"https:\\\/\\\/www.photomuseum.de\\\/wp-content\\\/uploads\\\/2026\\\/02\\\/Photomuseum-Logo.png\",\"width\":2099,\"height\":349,\"caption\":\"Museum f\u00fcr Photographie Braunschweig\"},\"image\":{\"@id\":\"https:\\\/\\\/www.photomuseum.de\\\/#\\\/schema\\\/logo\\\/image\\\/\"},\"sameAs\":[\"https:\\\/\\\/www.facebook.com\\\/museumfuerphotographie.bs\",\"https:\\\/\\\/www.instagram.com\\\/museumfuerphotographie_bs\\\/\"]}]}<\/script>\n<!-- \/ Yoast SEO plugin. -->","yoast_head_json":{"title":"Museum f\u00fcr Photographie Braunschweig - Vermittlung","description":"Mit Rundg\u00e4ngen, F\u00fchrungen, Workshops u.v.m. bieten wir eine Plattform des Austausches f\u00fcr Besucherinnen und Besucher aller Altersgruppen.","robots":{"index":"index","follow":"follow","max-snippet":"max-snippet:-1","max-image-preview":"max-image-preview:large","max-video-preview":"max-video-preview:-1"},"canonical":"https:\/\/www.photomuseum.de\/index.php\/vermittlung\/","og_locale":"de_DE","og_type":"article","og_title":"Museum f\u00fcr Photographie Braunschweig - Vermittlung","og_description":"Mit Rundg\u00e4ngen, F\u00fchrungen, Workshops u.v.m. bieten wir eine Plattform des Austausches f\u00fcr Besucherinnen und Besucher aller Altersgruppen.","og_url":"https:\/\/www.photomuseum.de\/index.php\/vermittlung\/","og_site_name":"Museum f\u00fcr Photographie Braunschweig","article_publisher":"https:\/\/www.facebook.com\/museumfuerphotographie.bs","article_modified_time":"2026-04-07T13:44:51+00:00","og_image":[{"width":700,"height":500,"url":"https:\/\/www.photomuseum.de\/wp-content\/uploads\/2026\/02\/Vermittlung-SoMe.jpg","type":"image\/jpeg"}],"twitter_card":"summary_large_image","twitter_title":"Museum f\u00fcr Photographie Braunschweig - Vermittlung","twitter_image":"https:\/\/www.photomuseum.de\/wp-content\/uploads\/2026\/02\/Vermittlung-SoMe.jpg","twitter_misc":{"Gesch\u00e4tzte Lesezeit":"5\u00a0Minuten"},"schema":{"@context":"https:\/\/schema.org","@graph":[{"@type":"WebPage","@id":"https:\/\/www.photomuseum.de\/index.php\/vermittlung\/","url":"https:\/\/www.photomuseum.de\/index.php\/vermittlung\/","name":"Museum f\u00fcr Photographie Braunschweig - Vermittlung","isPartOf":{"@id":"https:\/\/www.photomuseum.de\/#website"},"datePublished":"2025-12-12T12:19:14+00:00","dateModified":"2026-04-07T13:44:51+00:00","description":"Mit Rundg\u00e4ngen, F\u00fchrungen, Workshops u.v.m. bieten wir eine Plattform des Austausches f\u00fcr Besucherinnen und Besucher aller Altersgruppen.","breadcrumb":{"@id":"https:\/\/www.photomuseum.de\/index.php\/vermittlung\/#breadcrumb"},"inLanguage":"de","potentialAction":[{"@type":"ReadAction","target":["https:\/\/www.photomuseum.de\/index.php\/vermittlung\/"]}]},{"@type":"BreadcrumbList","@id":"https:\/\/www.photomuseum.de\/index.php\/vermittlung\/#breadcrumb","itemListElement":[{"@type":"ListItem","position":1,"name":"Start","item":"https:\/\/www.photomuseum.de\/"},{"@type":"ListItem","position":2,"name":"Vermittlung"}]},{"@type":"WebSite","@id":"https:\/\/www.photomuseum.de\/#website","url":"https:\/\/www.photomuseum.de\/","name":"Museum f\u00fcr Photographie Braunschweig","description":"","publisher":{"@id":"https:\/\/www.photomuseum.de\/#organization"},"potentialAction":[{"@type":"SearchAction","target":{"@type":"EntryPoint","urlTemplate":"https:\/\/www.photomuseum.de\/?s={search_term_string}"},"query-input":{"@type":"PropertyValueSpecification","valueRequired":true,"valueName":"search_term_string"}}],"inLanguage":"de"},{"@type":"Organization","@id":"https:\/\/www.photomuseum.de\/#organization","name":"Museum f\u00fcr Photographie Braunschweig","url":"https:\/\/www.photomuseum.de\/","logo":{"@type":"ImageObject","inLanguage":"de","@id":"https:\/\/www.photomuseum.de\/#\/schema\/logo\/image\/","url":"https:\/\/www.photomuseum.de\/wp-content\/uploads\/2026\/02\/Photomuseum-Logo.png","contentUrl":"https:\/\/www.photomuseum.de\/wp-content\/uploads\/2026\/02\/Photomuseum-Logo.png","width":2099,"height":349,"caption":"Museum f\u00fcr Photographie Braunschweig"},"image":{"@id":"https:\/\/www.photomuseum.de\/#\/schema\/logo\/image\/"},"sameAs":["https:\/\/www.facebook.com\/museumfuerphotographie.bs","https:\/\/www.instagram.com\/museumfuerphotographie_bs\/"]}]}},"_links":{"self":[{"href":"https:\/\/www.photomuseum.de\/index.php\/wp-json\/wp\/v2\/pages\/283027","targetHints":{"allow":["GET"]}}],"collection":[{"href":"https:\/\/www.photomuseum.de\/index.php\/wp-json\/wp\/v2\/pages"}],"about":[{"href":"https:\/\/www.photomuseum.de\/index.php\/wp-json\/wp\/v2\/types\/page"}],"author":[{"embeddable":true,"href":"https:\/\/www.photomuseum.de\/index.php\/wp-json\/wp\/v2\/users\/2"}],"replies":[{"embeddable":true,"href":"https:\/\/www.photomuseum.de\/index.php\/wp-json\/wp\/v2\/comments?post=283027"}],"version-history":[{"count":73,"href":"https:\/\/www.photomuseum.de\/index.php\/wp-json\/wp\/v2\/pages\/283027\/revisions"}],"predecessor-version":[{"id":284969,"href":"https:\/\/www.photomuseum.de\/index.php\/wp-json\/wp\/v2\/pages\/283027\/revisions\/284969"}],"wp:attachment":[{"href":"https:\/\/www.photomuseum.de\/index.php\/wp-json\/wp\/v2\/media?parent=283027"}],"curies":[{"name":"wp","href":"https:\/\/api.w.org\/{rel}","templated":true}]}}