{"id":2,"date":"2024-04-22T12:10:10","date_gmt":"2024-04-22T10:10:10","guid":{"rendered":"https:\/\/photomuseum.gdstest.de\/?page_id=2"},"modified":"2026-03-11T15:16:40","modified_gmt":"2026-03-11T14:16:40","slug":"home","status":"publish","type":"page","link":"https:\/\/www.photomuseum.de\/","title":{"rendered":"Home"},"content":{"rendered":"<p>[et_pb_section fb_built=&#8220;1&#8243; _builder_version=&#8220;4.25.0&#8243; _module_preset=&#8220;default&#8220; global_colors_info=&#8220;{}&#8220;][et_pb_row _builder_version=&#8220;4.27.6&#8243; _module_preset=&#8220;default&#8220; global_colors_info=&#8220;{}&#8220;][et_pb_column type=&#8220;4_4&#8243; _builder_version=&#8220;4.25.0&#8243; _module_preset=&#8220;default&#8220; global_colors_info=&#8220;{}&#8220;][et_pb_code _builder_version=&#8220;4.25.1&#8243; _module_preset=&#8220;default&#8220; background_color=&#8220;#ee7526&#8243; custom_margin=&#8220;0px||||false|false&#8220; custom_padding=&#8220;15px||15px||false|false&#8220; hover_enabled=&#8220;0&#8243; border_radii=&#8220;on|3px|3px|3px|3px&#8220; global_colors_info=&#8220;{}&#8220; sticky_enabled=&#8220;0&#8243;]<style> \r\n.runtext-container {\r\n    background:#ee7b26;\r\n    border: 1px solid #ee7b26;\r\n    }\r\n.runtext-container .holder a{ \r\n    color: #000000;\r\n    font-size: 26px;\r\n    font-weight: 500;\r\n}\r\n.text-container a:before {\r\n    background-color: #000000;\r\n}\r\n.runtext-container .holder a:hover{\r\n\tcolor:#000000;\r\n}\r\n.text-container a:hover::before {\r\n    background-color: #000000;\r\n}\r\n<\/style><div class=\"runtext-container\">\r\n    <div class=\"main-runtext\">\r\n        <marquee direction=\"\" scrolldelay=\"50\" onmouseover=\"this.stop();\"\r\n            onmouseout=\"this.start();\">\r\n\r\n            <div class=\"holder\">\r\n                <div class=\"text-container\"><a class=\"fancybox\" href=\"https:\/\/www.photomuseum.de\/index.php\/project\/elina-brotherus-angelika-platendoppelleben-spiegelbilder-und-facetten-kuenstlerischer-identitaeten\/\" >+++ AKTUELL: Elina Brotherus \/ Angelika Platen. Doppelleben \u2013 Spiegelbilder und Facetten k\u00fcnstlerischer Identit\u00e4ten  \/  21.02. \u2013 19.04.2026 +++<\/a>\r\n    <\/div>            <\/div>\r\n        <\/marquee>\r\n    <\/div>\r\n<\/div>\r\n\r\n\r\n[\/et_pb_code][\/et_pb_column][\/et_pb_row][et_pb_row column_structure=&#8220;1_3,1_3,1_3&#8243; use_custom_gutter=&#8220;on&#8220; _builder_version=&#8220;4.27.5&#8243; _module_preset=&#8220;default&#8220; custom_margin=&#8220;||||false|false&#8220; custom_padding=&#8220;||||false|false&#8220; global_colors_info=&#8220;{}&#8220;][et_pb_column type=&#8220;1_3&#8243; _builder_version=&#8220;4.27.5&#8243; _module_preset=&#8220;default&#8220; custom_padding=&#8220;||||false|false&#8220; border_radii=&#8220;off||||&#8220; border_color_all=&#8220;#FFFFFF&#8220; global_colors_info=&#8220;{}&#8220;][dizo_image_hover image=&#8220;https:\/\/www.photomuseum.de\/wp-content\/uploads\/2026\/02\/Aktuell.jpg&#8220; image_alt=&#8220;AKTUELL&#8220; effect_style=&#8220;classic&#8220; classic_style=&#8220;dzhvr-flip-horiz&#8220; button_url_new_window=&#8220;1&#8243; content_valign=&#8220;on&#8220; overlay_bgcolor=&#8220;#ee7526&#8243; overlay_background_image=&#8220;https:\/\/www.photomuseum.de\/wp-content\/uploads\/2024\/09\/Aktuell_m4.jpg&#8220; content_wrapper_padding=&#8220;||0px||false|false&#8220; module_link_url=&#8220;https:\/\/www.photomuseum.de\/index.php\/ausstellungen\/aktuell\/&#8220; module_link_url_new_window=&#8220;1&#8243; admin_label=&#8220;Box Aktuell&#8220; _builder_version=&#8220;4.27.5&#8243; _module_preset=&#8220;default&#8220; title_font=&#8220;&#8211;et_global_heading_font|500||on|||||&#8220; title_text_color=&#8220;#000000&#8243; title_font_size=&#8220;28px&#8220; content_font=&#8220;NHaasGrotest||||||||&#8220; content_text_color=&#8220;#000000&#8243; content_font_size=&#8220;20px&#8220; content_line_height=&#8220;1.4em&#8220; custom_button=&#8220;on&#8220; button_font=&#8220;Questrial Regular|||on|||||&#8220; custom_margin=&#8220;||||false|true&#8220; animation_style=&#8220;slide&#8220; animation_direction=&#8220;left&#8220; custom_css_title=&#8220;margin-top: -13px;&#8220; custom_css_text=&#8220;font-size: 17px;&#8220; custom_css_button=&#8220;margin-top: 20px;&#8220; border_radii=&#8220;on|5px|5px|5px|5px&#8220; border_color_all=&#8220;#FFFFFF&#8220; global_colors_info=&#8220;{}&#8220;][\/dizo_image_hover][\/et_pb_column][et_pb_column type=&#8220;1_3&#8243; _builder_version=&#8220;4.25.1&#8243; _module_preset=&#8220;default&#8220; custom_padding=&#8220;||||false|false&#8220; global_colors_info=&#8220;{}&#8220;][dizo_image_hover image=&#8220;https:\/\/www.photomuseum.de\/wp-content\/uploads\/2024\/09\/Ausstellungen_m2-1.jpg&#8220; effect_style=&#8220;classic&#8220; classic_style=&#8220;dzhvr-flip-horiz&#8220; button_url_new_window=&#8220;1&#8243; content_valign=&#8220;on&#8220; overlay_background_image=&#8220;https:\/\/www.photomuseum.de\/wp-content\/uploads\/2026\/02\/Ausstellungen-2026-01.jpg&#8220; module_link_url=&#8220;https:\/\/www.photomuseum.de\/index.php\/ausstellungen\/&#8220; module_link_url_new_window=&#8220;1&#8243; admin_label=&#8220;Box Ausstellungen&#8220; _builder_version=&#8220;4.27.6&#8243; _module_preset=&#8220;default&#8220; title_font=&#8220;NHaasGrotest|500|||||||&#8220; title_text_color=&#8220;#000000&#8243; title_font_size=&#8220;26px&#8220; content_font=&#8220;NHaasGrotest||||||||&#8220; content_text_color=&#8220;#000000&#8243; content_font_size=&#8220;20px&#8220; content_line_height=&#8220;1.4em&#8220; background_color=&#8220;#aecb25&#8243; custom_button=&#8220;on&#8220; button_font=&#8220;Questrial Regular|||on|||||&#8220; custom_margin=&#8220;||5px||false|false&#8220; animation_style=&#8220;slide&#8220; custom_css_title=&#8220;line-height: 1.7em;&#8220; custom_css_text=&#8220;font-size: 17px;&#8220; custom_css_button=&#8220;margin-top: 20px;&#8220; border_radii=&#8220;on|5px|5px|5px|5px&#8220; border_color_all=&#8220;#FFFFFF&#8220; global_colors_info=&#8220;{}&#8220;][\/dizo_image_hover][\/et_pb_column][et_pb_column type=&#8220;1_3&#8243; _builder_version=&#8220;4.25.1&#8243; _module_preset=&#8220;default&#8220; custom_padding=&#8220;||||false|false&#8220; global_colors_info=&#8220;{}&#8220;][dizo_image_hover image=&#8220;https:\/\/www.photomuseum.de\/wp-content\/uploads\/2026\/02\/Veranstaltungen.jpg&#8220; image_alt=&#8220;VERANSTALTUNGEN&#8220; effect_style=&#8220;classic&#8220; classic_style=&#8220;dzhvr-flip-horiz&#8220; button_url_new_window=&#8220;1&#8243; content_valign=&#8220;on&#8220; overlay_background_image=&#8220;https:\/\/www.photomuseum.de\/wp-content\/uploads\/2024\/09\/Veranstaltungen_m4.jpg&#8220; module_link_url=&#8220;https:\/\/www.photomuseum.de\/index.php\/veranstaltungen\/&#8220; module_link_url_new_window=&#8220;1&#8243; admin_label=&#8220;Box Veranstaltungen&#8220; _builder_version=&#8220;4.27.5&#8243; _module_preset=&#8220;default&#8220; title_font=&#8220;&#8211;et_global_heading_font|||on|||||&#8220; title_text_color=&#8220;#000000&#8243; title_font_size=&#8220;36px&#8220; content_font=&#8220;&#8211;et_global_heading_font||||||||&#8220; content_text_color=&#8220;#000000&#8243; content_font_size=&#8220;24px&#8220; custom_button=&#8220;on&#8220; button_font=&#8220;Questrial Regular|||on|||||&#8220; custom_margin=&#8220;||||false|false&#8220; animation_style=&#8220;slide&#8220; animation_direction=&#8220;right&#8220; custom_css_title=&#8220;line-height: 1.7em;&#8220; custom_css_text=&#8220;font-size: 17px;&#8220; custom_css_button=&#8220;margin-top: 20px;&#8220; border_radii=&#8220;on|5px|5px|5px|5px&#8220; border_color_all=&#8220;#FFFFFF&#8220; global_colors_info=&#8220;{}&#8220;][\/dizo_image_hover][\/et_pb_column][\/et_pb_row][et_pb_row column_structure=&#8220;1_3,1_3,1_3&#8243; use_custom_gutter=&#8220;on&#8220; make_equal=&#8220;on&#8220; _builder_version=&#8220;4.27.5&#8243; _module_preset=&#8220;default&#8220; custom_margin=&#8220;||||false|false&#8220; custom_padding=&#8220;||||false|false&#8220; global_colors_info=&#8220;{}&#8220;][et_pb_column type=&#8220;1_3&#8243; _builder_version=&#8220;4.25.0&#8243; _module_preset=&#8220;default&#8220; global_colors_info=&#8220;{}&#8220;][dizo_image_hover image=&#8220;https:\/\/www.photomuseum.de\/wp-content\/uploads\/2026\/02\/Vermittlung_m3.jpg&#8220; image_alt=&#8220;Vermittlung&#8220; effect_style=&#8220;classic&#8220; classic_style=&#8220;dzhvr-flip-horiz&#8220; button_url_new_window=&#8220;1&#8243; content_valign=&#8220;on&#8220; overlay_background_image=&#8220;https:\/\/www.photomuseum.de\/wp-content\/uploads\/2024\/06\/Kids-Vermittlung.jpg&#8220; module_link_url=&#8220;https:\/\/www.photomuseum.de\/index.php\/vermittlung\/&#8220; module_link_url_new_window=&#8220;1&#8243; admin_label=&#8220;Vermittlung\/Kids&#8220; _builder_version=&#8220;4.27.5&#8243; _module_preset=&#8220;default&#8220; title_font=&#8220;NHaasGrotest|500|||||||&#8220; title_text_color=&#8220;#000000&#8243; title_font_size=&#8220;26px&#8220; content_font=&#8220;NHaasGrotest||||||||&#8220; content_text_color=&#8220;#000000&#8243; content_font_size=&#8220;20px&#8220; content_line_height=&#8220;1.4em&#8220; custom_button=&#8220;on&#8220; button_font=&#8220;Questrial Regular|||on|||||&#8220; custom_margin=&#8220;||||false|false&#8220; animation_style=&#8220;slide&#8220; animation_direction=&#8220;left&#8220; custom_css_title=&#8220;line-height: 1.7em;&#8220; custom_css_text=&#8220;font-size: 17px;&#8220; custom_css_button=&#8220;margin-top: 20px;&#8220; border_radii=&#8220;on|5px|5px|5px|5px&#8220; border_color_all=&#8220;#FFFFFF&#8220; global_colors_info=&#8220;{}&#8220;][\/dizo_image_hover][\/et_pb_column][et_pb_column type=&#8220;1_3&#8243; _builder_version=&#8220;4.25.0&#8243; _module_preset=&#8220;default&#8220; global_colors_info=&#8220;{}&#8220;][dizo_image_hover image=&#8220;https:\/\/www.photomuseum.de\/wp-content\/uploads\/2026\/02\/Publikationen.jpg&#8220; image_alt=&#8220;PUBLIKATIONEN&#8220; effect_style=&#8220;classic&#8220; classic_style=&#8220;dzhvr-flip-horiz&#8220; button_url_new_window=&#8220;1&#8243; content_valign=&#8220;on&#8220; overlay_background_image=&#8220;https:\/\/www.photomuseum.de\/wp-content\/uploads\/2024\/09\/Publikationen_m2.jpg&#8220; module_link_url=&#8220;https:\/\/www.photomuseum.de\/index.php\/publikationen\/&#8220; module_link_url_new_window=&#8220;1&#8243; admin_label=&#8220;Publikationen&#8220; _builder_version=&#8220;4.27.5&#8243; _module_preset=&#8220;default&#8220; title_font=&#8220;NHaasGrotesk Bold|500|||||||&#8220; title_text_color=&#8220;#000000&#8243; title_font_size=&#8220;36px&#8220; content_font=&#8220;NHaasGrotesk Bold||||||||&#8220; content_text_color=&#8220;#000000&#8243; content_font_size=&#8220;26px&#8220; content_line_height=&#8220;1.4em&#8220; custom_button=&#8220;on&#8220; button_font=&#8220;Questrial Regular|||on|||||&#8220; animation_style=&#8220;slide&#8220; animation_direction=&#8220;bottom&#8220; custom_css_title=&#8220;line-height: 1.7em;&#8220; custom_css_text=&#8220;font-size: 17px;&#8220; custom_css_button=&#8220;margin-top: 20px;&#8220; border_radii=&#8220;on|5px|5px|5px|5px&#8220; border_color_all=&#8220;#FFFFFF&#8220; global_colors_info=&#8220;{}&#8220;][\/dizo_image_hover][\/et_pb_column][et_pb_column type=&#8220;1_3&#8243; _builder_version=&#8220;4.25.0&#8243; _module_preset=&#8220;default&#8220; global_colors_info=&#8220;{}&#8220;][dizo_image_hover image=&#8220;https:\/\/www.photomuseum.de\/wp-content\/uploads\/2024\/09\/Museum_m2.jpg&#8220; image_alt=&#8220;MUSEUM&#8220; effect_style=&#8220;classic&#8220; classic_style=&#8220;dzhvr-flip-horiz&#8220; button_url_new_window=&#8220;1&#8243; content_valign=&#8220;on&#8220; overlay_background_image=&#8220;https:\/\/www.photomuseum.de\/wp-content\/uploads\/2024\/06\/Museum-Logo.jpg&#8220; module_link_url=&#8220;https:\/\/www.photomuseum.de\/index.php\/museum\/&#8220; module_link_url_new_window=&#8220;1&#8243; admin_label=&#8220;Box Museum&#8220; _builder_version=&#8220;4.27.5&#8243; _module_preset=&#8220;default&#8220; title_font=&#8220;NHaasGrotest|500|||||||&#8220; title_text_color=&#8220;#000000&#8243; title_font_size=&#8220;26px&#8220; content_font=&#8220;NHaasGrotest||||||||&#8220; content_text_color=&#8220;#000000&#8243; content_font_size=&#8220;20px&#8220; content_line_height=&#8220;1.4em&#8220; custom_button=&#8220;on&#8220; button_font=&#8220;Questrial Regular|||on|||||&#8220; custom_margin=&#8220;||||false|false&#8220; animation_style=&#8220;slide&#8220; animation_direction=&#8220;right&#8220; custom_css_title=&#8220;line-height: 1.7em;&#8220; custom_css_text=&#8220;font-size: 17px;&#8220; custom_css_button=&#8220;margin-top: 20px;&#8220; border_radii=&#8220;on|5px|5px|5px|5px&#8220; border_color_all=&#8220;#FFFFFF&#8220; global_colors_info=&#8220;{}&#8220;][\/dizo_image_hover][\/et_pb_column][\/et_pb_row][et_pb_row admin_label=&#8220;Abstandhalter&#8220; _builder_version=&#8220;4.27.5&#8243; _module_preset=&#8220;default&#8220; global_colors_info=&#8220;{}&#8220;][et_pb_column type=&#8220;4_4&#8243; _builder_version=&#8220;4.27.5&#8243; _module_preset=&#8220;default&#8220; global_colors_info=&#8220;{}&#8220;][et_pb_text admin_label=&#8220;Abstand 30px&#8220; _builder_version=&#8220;4.27.5&#8243; _module_preset=&#8220;default&#8220; custom_margin=&#8220;30px||||false|false&#8220; global_colors_info=&#8220;{}&#8220;][\/et_pb_text][\/et_pb_column][\/et_pb_row][\/et_pb_section]<\/p>\n","protected":false},"excerpt":{"rendered":"<p><style> \r\n.runtext-container {\r\n    background:#ee7b26;\r\n    border: 1px solid #ee7b26;\r\n    }\r\n.runtext-container .holder a{ \r\n    color: #000000;\r\n    font-size: 26px;\r\n    font-weight: 500;\r\n}\r\n.text-container a:before {\r\n    background-color: #000000;\r\n}\r\n.runtext-container .holder a:hover{\r\n\tcolor:#000000;\r\n}\r\n.text-container a:hover::before {\r\n    background-color: #000000;\r\n}\r\n<\/style><div class=\"runtext-container\">\r\n    <div class=\"main-runtext\">\r\n        <marquee direction=\"\" scrolldelay=\"50\" onmouseover=\"this.stop();\"\r\n            onmouseout=\"this.start();\">\r\n\r\n            <div class=\"holder\">\r\n                <div class=\"text-container\"><a class=\"fancybox\" href=\"https:\/\/www.photomuseum.de\/index.php\/project\/elina-brotherus-angelika-platendoppelleben-spiegelbilder-und-facetten-kuenstlerischer-identitaeten\/\" >+++ AKTUELL: Elina Brotherus \/ Angelika Platen. Doppelleben \u2013 Spiegelbilder und Facetten k\u00fcnstlerischer Identit\u00e4ten  \/  21.02. \u2013 19.04.2026 +++<\/a>\r\n    <\/div>            <\/div>\r\n        <\/marquee>\r\n    <\/div>\r\n<\/div>\r\n\r\n\r\n<div class=\"et_pb_with_border et_pb_module dizo_image_hover dizo_image_hover_0 et_animated dizo_bg_img\">\n\t\t\t\t\n\t\t\t\t\n\t\t\t\t\n\t\t\t\t\n\t\t\t\t\n\t\t\t\t\n\t\t\t\t<div class=\"et_pb_module_inner\">\n\t\t\t\t\t<div class=\"dih_container \">\r\n\t\t\t\t<div class = \"dih_img_wrapper classic_style dzhvr-flip-horiz\">\r\n\t\t\t\t\t<div class = \"dih_image\"><img decoding=\"async\" src=\"https:\/\/www.photomuseum.de\/wp-content\/uploads\/2026\/02\/Aktuell.jpg\" alt=\"AKTUELL\"\/><\/div>\r\n\t\t\t\t\t\r\n\t\t\t\t\t\r\n\t\t\t\t\t<div class =\"dih_content_wrapper\">\r\n\t\t\t\t\t\t<div class = \"dih_content\">\r\n\t\t\t\t\t\t\r\n\t\t\t\t\t\t\r\n\t\t\t\t\t\t\r\n\t\t\t\t\t\t<\/div>\r\n\t\t\t\t<\/div>\r\n\t\t\t\t<a class= \"dih_link\" href=\"https:\/\/www.photomuseum.de\/index.php\/ausstellungen\/aktuell\/\" ><\/a>\r\n\t\t\t<\/div>\r\n\t\t\t<\/div>\n\t\t\t\t<\/div>\n\t\t\t<\/div><div class=\"et_pb_module dizo_image_hover dizo_image_hover_1 dizo_bg_img\">\n\t\t\t\t\n\t\t\t\t\n\t\t\t\t\n\t\t\t\t\n\t\t\t\t\n\t\t\t\t\n\t\t\t\t<div class=\"et_pb_module_inner\">\n\t\t\t\t\t<div class=\"dih_container \">\r\n\t\t\t\t<div class = \"dih_img_wrapper \">\r\n\t\t\t\t\t<div class = \"dih_image\"><img decoding=\"async\" src=\"\" alt=\"\"\/><\/div>\r\n\t\t\t\t\t\r\n\t\t\t\t\t\r\n\t\t\t\t\t<div class =\"dih_content_wrapper\">\r\n\t\t\t\t\t\t<div class = \"dih_content\">\r\n\t\t\t\t\t\t\r\n\t\t\t\t\t\t\r\n\t\t\t\t\t\t\r\n\t\t\t\t\t\t<\/div>\r\n\t\t\t\t<\/div>\r\n\t\t\t\t<a class= \"dih_link\" href=\"&#8220;https:\/\/www.photomuseum.de\/index.php\/ausstellungen\/&#8220;\" ><\/a>\r\n\t\t\t<\/div>\r\n\t\t\t<\/div>\n\t\t\t\t<\/div>\n\t\t\t<\/div><\/p>\n","protected":false},"author":2,"featured_media":0,"parent":0,"menu_order":1,"comment_status":"closed","ping_status":"open","template":"","meta":{"_et_pb_use_builder":"on","_et_pb_old_content":"","_et_gb_content_width":"","footnotes":""},"class_list":["post-2","page","type-page","status-publish","hentry"],"yoast_head":"<!-- This site is optimized with the Yoast SEO plugin v27.3 - https:\/\/yoast.com\/product\/yoast-seo-wordpress\/ -->\n<title>Museum f\u00fcr Photographie Braunschweig - Home<\/title>\n<meta name=\"description\" content=\"Museum f\u00fcr Photographie Braunschweig Das Museum f\u00fcr Photographie Braunschweig zeigt internationale zeitgen\u00f6ssische Fotografie.\" \/>\n<meta name=\"robots\" content=\"index, follow, max-snippet:-1, max-image-preview:large, max-video-preview:-1\" \/>\n<link rel=\"canonical\" href=\"https:\/\/www.photomuseum.de\/\" \/>\n<meta property=\"og:locale\" content=\"de_DE\" \/>\n<meta property=\"og:type\" content=\"article\" \/>\n<meta property=\"og:title\" content=\"Museum f\u00fcr Photographie Braunschweig\" \/>\n<meta property=\"og:description\" content=\"Museum f\u00fcr Photographie Braunschweig Das Museum f\u00fcr Photographie Braunschweig zeigt internationale zeitgen\u00f6ssische Fotografie.\" \/>\n<meta property=\"og:url\" content=\"https:\/\/www.photomuseum.de\/\" \/>\n<meta property=\"og:site_name\" content=\"Museum f\u00fcr Photographie Braunschweig\" \/>\n<meta property=\"article:publisher\" content=\"https:\/\/www.facebook.com\/museumfuerphotographie.bs\" \/>\n<meta property=\"article:modified_time\" content=\"2026-03-11T14:16:40+00:00\" \/>\n<meta property=\"og:image\" content=\"https:\/\/www.photomuseum.de\/wp-content\/uploads\/2026\/02\/Photomuseum-SoMe.jpg\" \/>\n\t<meta property=\"og:image:width\" content=\"1080\" \/>\n\t<meta property=\"og:image:height\" content=\"560\" \/>\n\t<meta property=\"og:image:type\" content=\"image\/jpeg\" \/>\n<meta name=\"twitter:card\" content=\"summary_large_image\" \/>\n<meta name=\"twitter:title\" content=\"Museum f\u00fcr Photographie Braunschweig\" \/>\n<meta name=\"twitter:image\" content=\"https:\/\/www.photomuseum.de\/wp-content\/uploads\/2026\/02\/Photomuseum-SoMe.jpg\" \/>\n<meta name=\"twitter:label1\" content=\"Gesch\u00e4tzte Lesezeit\" \/>\n\t<meta name=\"twitter:data1\" content=\"2\u00a0Minuten\" \/>\n<script type=\"application\/ld+json\" class=\"yoast-schema-graph\">{\"@context\":\"https:\\\/\\\/schema.org\",\"@graph\":[{\"@type\":\"WebPage\",\"@id\":\"https:\\\/\\\/www.photomuseum.de\\\/\",\"url\":\"https:\\\/\\\/www.photomuseum.de\\\/\",\"name\":\"Museum f\u00fcr Photographie Braunschweig - Home\",\"isPartOf\":{\"@id\":\"https:\\\/\\\/www.photomuseum.de\\\/#website\"},\"datePublished\":\"2024-04-22T10:10:10+00:00\",\"dateModified\":\"2026-03-11T14:16:40+00:00\",\"description\":\"Museum f\u00fcr Photographie Braunschweig Das Museum f\u00fcr Photographie Braunschweig zeigt internationale zeitgen\u00f6ssische Fotografie.\",\"breadcrumb\":{\"@id\":\"https:\\\/\\\/www.photomuseum.de\\\/#breadcrumb\"},\"inLanguage\":\"de\",\"potentialAction\":[{\"@type\":\"ReadAction\",\"target\":[\"https:\\\/\\\/www.photomuseum.de\\\/\"]}]},{\"@type\":\"BreadcrumbList\",\"@id\":\"https:\\\/\\\/www.photomuseum.de\\\/#breadcrumb\",\"itemListElement\":[{\"@type\":\"ListItem\",\"position\":1,\"name\":\"Start\",\"item\":\"https:\\\/\\\/www.photomuseum.de\\\/\"},{\"@type\":\"ListItem\",\"position\":2,\"name\":\"Home\"}]},{\"@type\":\"WebSite\",\"@id\":\"https:\\\/\\\/www.photomuseum.de\\\/#website\",\"url\":\"https:\\\/\\\/www.photomuseum.de\\\/\",\"name\":\"Museum f\u00fcr Photographie Braunschweig\",\"description\":\"\",\"publisher\":{\"@id\":\"https:\\\/\\\/www.photomuseum.de\\\/#organization\"},\"potentialAction\":[{\"@type\":\"SearchAction\",\"target\":{\"@type\":\"EntryPoint\",\"urlTemplate\":\"https:\\\/\\\/www.photomuseum.de\\\/?s={search_term_string}\"},\"query-input\":{\"@type\":\"PropertyValueSpecification\",\"valueRequired\":true,\"valueName\":\"search_term_string\"}}],\"inLanguage\":\"de\"},{\"@type\":\"Organization\",\"@id\":\"https:\\\/\\\/www.photomuseum.de\\\/#organization\",\"name\":\"Museum f\u00fcr Photographie Braunschweig\",\"url\":\"https:\\\/\\\/www.photomuseum.de\\\/\",\"logo\":{\"@type\":\"ImageObject\",\"inLanguage\":\"de\",\"@id\":\"https:\\\/\\\/www.photomuseum.de\\\/#\\\/schema\\\/logo\\\/image\\\/\",\"url\":\"https:\\\/\\\/www.photomuseum.de\\\/wp-content\\\/uploads\\\/2026\\\/02\\\/Photomuseum-Logo.png\",\"contentUrl\":\"https:\\\/\\\/www.photomuseum.de\\\/wp-content\\\/uploads\\\/2026\\\/02\\\/Photomuseum-Logo.png\",\"width\":2099,\"height\":349,\"caption\":\"Museum f\u00fcr Photographie Braunschweig\"},\"image\":{\"@id\":\"https:\\\/\\\/www.photomuseum.de\\\/#\\\/schema\\\/logo\\\/image\\\/\"},\"sameAs\":[\"https:\\\/\\\/www.facebook.com\\\/museumfuerphotographie.bs\",\"https:\\\/\\\/www.instagram.com\\\/museumfuerphotographie_bs\\\/\"]}]}<\/script>\n<!-- \/ Yoast SEO plugin. -->","yoast_head_json":{"title":"Museum f\u00fcr Photographie Braunschweig - Home","description":"Museum f\u00fcr Photographie Braunschweig Das Museum f\u00fcr Photographie Braunschweig zeigt internationale zeitgen\u00f6ssische Fotografie.","robots":{"index":"index","follow":"follow","max-snippet":"max-snippet:-1","max-image-preview":"max-image-preview:large","max-video-preview":"max-video-preview:-1"},"canonical":"https:\/\/www.photomuseum.de\/","og_locale":"de_DE","og_type":"article","og_title":"Museum f\u00fcr Photographie Braunschweig","og_description":"Museum f\u00fcr Photographie Braunschweig Das Museum f\u00fcr Photographie Braunschweig zeigt internationale zeitgen\u00f6ssische Fotografie.","og_url":"https:\/\/www.photomuseum.de\/","og_site_name":"Museum f\u00fcr Photographie Braunschweig","article_publisher":"https:\/\/www.facebook.com\/museumfuerphotographie.bs","article_modified_time":"2026-03-11T14:16:40+00:00","og_image":[{"width":1080,"height":560,"url":"https:\/\/www.photomuseum.de\/wp-content\/uploads\/2026\/02\/Photomuseum-SoMe.jpg","type":"image\/jpeg"}],"twitter_card":"summary_large_image","twitter_title":"Museum f\u00fcr Photographie Braunschweig","twitter_image":"https:\/\/www.photomuseum.de\/wp-content\/uploads\/2026\/02\/Photomuseum-SoMe.jpg","twitter_misc":{"Gesch\u00e4tzte Lesezeit":"2\u00a0Minuten"},"schema":{"@context":"https:\/\/schema.org","@graph":[{"@type":"WebPage","@id":"https:\/\/www.photomuseum.de\/","url":"https:\/\/www.photomuseum.de\/","name":"Museum f\u00fcr Photographie Braunschweig - Home","isPartOf":{"@id":"https:\/\/www.photomuseum.de\/#website"},"datePublished":"2024-04-22T10:10:10+00:00","dateModified":"2026-03-11T14:16:40+00:00","description":"Museum f\u00fcr Photographie Braunschweig Das Museum f\u00fcr Photographie Braunschweig zeigt internationale zeitgen\u00f6ssische Fotografie.","breadcrumb":{"@id":"https:\/\/www.photomuseum.de\/#breadcrumb"},"inLanguage":"de","potentialAction":[{"@type":"ReadAction","target":["https:\/\/www.photomuseum.de\/"]}]},{"@type":"BreadcrumbList","@id":"https:\/\/www.photomuseum.de\/#breadcrumb","itemListElement":[{"@type":"ListItem","position":1,"name":"Start","item":"https:\/\/www.photomuseum.de\/"},{"@type":"ListItem","position":2,"name":"Home"}]},{"@type":"WebSite","@id":"https:\/\/www.photomuseum.de\/#website","url":"https:\/\/www.photomuseum.de\/","name":"Museum f\u00fcr Photographie Braunschweig","description":"","publisher":{"@id":"https:\/\/www.photomuseum.de\/#organization"},"potentialAction":[{"@type":"SearchAction","target":{"@type":"EntryPoint","urlTemplate":"https:\/\/www.photomuseum.de\/?s={search_term_string}"},"query-input":{"@type":"PropertyValueSpecification","valueRequired":true,"valueName":"search_term_string"}}],"inLanguage":"de"},{"@type":"Organization","@id":"https:\/\/www.photomuseum.de\/#organization","name":"Museum f\u00fcr Photographie Braunschweig","url":"https:\/\/www.photomuseum.de\/","logo":{"@type":"ImageObject","inLanguage":"de","@id":"https:\/\/www.photomuseum.de\/#\/schema\/logo\/image\/","url":"https:\/\/www.photomuseum.de\/wp-content\/uploads\/2026\/02\/Photomuseum-Logo.png","contentUrl":"https:\/\/www.photomuseum.de\/wp-content\/uploads\/2026\/02\/Photomuseum-Logo.png","width":2099,"height":349,"caption":"Museum f\u00fcr Photographie Braunschweig"},"image":{"@id":"https:\/\/www.photomuseum.de\/#\/schema\/logo\/image\/"},"sameAs":["https:\/\/www.facebook.com\/museumfuerphotographie.bs","https:\/\/www.instagram.com\/museumfuerphotographie_bs\/"]}]}},"_links":{"self":[{"href":"https:\/\/www.photomuseum.de\/index.php\/wp-json\/wp\/v2\/pages\/2","targetHints":{"allow":["GET"]}}],"collection":[{"href":"https:\/\/www.photomuseum.de\/index.php\/wp-json\/wp\/v2\/pages"}],"about":[{"href":"https:\/\/www.photomuseum.de\/index.php\/wp-json\/wp\/v2\/types\/page"}],"author":[{"embeddable":true,"href":"https:\/\/www.photomuseum.de\/index.php\/wp-json\/wp\/v2\/users\/2"}],"replies":[{"embeddable":true,"href":"https:\/\/www.photomuseum.de\/index.php\/wp-json\/wp\/v2\/comments?post=2"}],"version-history":[{"count":308,"href":"https:\/\/www.photomuseum.de\/index.php\/wp-json\/wp\/v2\/pages\/2\/revisions"}],"predecessor-version":[{"id":284935,"href":"https:\/\/www.photomuseum.de\/index.php\/wp-json\/wp\/v2\/pages\/2\/revisions\/284935"}],"wp:attachment":[{"href":"https:\/\/www.photomuseum.de\/index.php\/wp-json\/wp\/v2\/media?parent=2"}],"curies":[{"name":"wp","href":"https:\/\/api.w.org\/{rel}","templated":true}]}}